{"id":3,"date":"2023-02-23T17:57:26","date_gmt":"2023-02-23T17:57:26","guid":{"rendered":"http:\/\/mobilityservices.pt\/?page_id=3"},"modified":"2023-05-27T07:52:35","modified_gmt":"2023-05-27T07:52:35","slug":"privacy","status":"publish","type":"page","link":"https:\/\/mobilityservices.pt\/en\/privacy\/","title":{"rendered":"Privacy Policy"},"content":{"rendered":"<h2 class=\"wp-block-heading\"><strong>Who we are<\/strong><\/h2>\n\n\n\n<p>Our trademark is \"Mobility Services\".<br>Our website is https:\/\/www.mobilityservices.pt.<br>Our corporate name is Fragmentazul \u2013 Mobility Services, Unipessoal, Lda., and we have the tax identification number 510 449 930.<\/p>\n\n\n\n<h1 class=\"wp-block-heading\"><strong>At webisite<\/strong><\/h1>\n\n\n\n<h3 class=\"wp-block-heading\">Coment\u00e1rios<\/h3>\n\n\n\n<p>Quando os visitantes deixam coment\u00e1rios no site, s\u00e3o guardados os dados presentes no formul\u00e1rio dos coment\u00e1rios, bem como o endere\u00e7o de IP e o agente do utilizador do navegador, para ajudar com a detec\u00e7\u00e3o de spam.<\/p>\n\n\n\n<p>Uma string an\u00f3nima criada a partir do seu endere\u00e7o de email (tamb\u00e9m designada por hash) pode ser enviada para o servi\u00e7o Gravatar para verificar se o est\u00e1 a utilizar. A pol\u00edtica de privacidade do servi\u00e7o Gravatar est\u00e1 dispon\u00edvel aqui: https:\/\/automattic.com\/privacy\/. Depois do seu coment\u00e1rio ser aprovado, a fotografia do ser perfil fica vis\u00edvel para o p\u00fablico no contexto do seu coment\u00e1rio.<\/p>\n\n\n\n<h3 class=\"wp-block-heading\">Multim\u00e9dia<\/h3>\n\n\n\n<p>Ao carregar imagens para o site, deve evitar carregar imagens com dados incorporados de geolocaliza\u00e7\u00e3o (EXIF GPS). Os visitantes podem descarregar e extrair os dados de geolocaliza\u00e7\u00e3o das imagens do site.<\/p>\n\n\n\n<h3 class=\"wp-block-heading\">Cookies<\/h3>\n\n\n\n<p>Se deixar um coment\u00e1rio no nosso site pode optar por guardar o seu nome, endere\u00e7o de email e site nos cookies. Isto \u00e9 para sua conveni\u00eancia para n\u00e3o ter de preencher novamente os seus dados quando deixar outro coment\u00e1rio. Estes cookies durar\u00e3o um ano.<\/p>\n\n\n\n<p>Se visitar a p\u00e1gina de in\u00edcio de sess\u00e3o, ser\u00e1 configurado um cookie tempor\u00e1rio para determinar se o seu navegador aceita cookies. Este cookie n\u00e3o cont\u00e9m dados pessoais e ser\u00e1 eliminado ao fechar o seu navegador.<\/p>\n\n\n\n<p>Ao iniciar a sess\u00e3o, ser\u00e3o configurados alguns cookies para guardar a sua informa\u00e7\u00e3o de sess\u00e3o e as suas escolhas de visualiza\u00e7\u00e3o de ecr\u00e3. Os cookies de in\u00edcio de sess\u00e3o duram um ano. Se seleccionar \u201cLembrar-me\u201d, a sua sess\u00e3o ir\u00e1 persistir durante duas semanas. Ao terminar a sess\u00e3o, os cookies de inicio de sess\u00e3o ser\u00e3o removidos.<\/p>\n\n\n\n<p>Se editar ou publicar um artigo, ser\u00e1 guardado no seu navegador um cookie adicional. Este cookie n\u00e3o inclui dados pessoais apenas indica o ID de conte\u00fado do artigo que acabou de editar. Expira ao fim de 1 dia.<\/p>\n\n\n\n<h3 class=\"wp-block-heading\">Conte\u00fado incorporado de outros sites<\/h3>\n\n\n\n<p>Os artigos neste site podem incluir conte\u00fado incorporado (por exemplo: v\u00eddeos, imagens, artigos, etc.). O conte\u00fado incorporado de outros sites comporta-se tal como se o utilizador visitasse esses sites.<\/p>\n\n\n\n<p>Este site pode recolher dados sobre si, usar cookies, incorporar rastreio feito por terceiros, monitorizar as suas interac\u00e7\u00f5es com o mesmo, incluindo registar as interac\u00e7\u00f5es com conte\u00fado incorporado se tiver uma conta e estiver com sess\u00e3o iniciada nesse site.<\/p>\n\n\n\n<h3 class=\"wp-block-heading\">Com quem s\u00e3o partilhados os seus dados<\/h3>\n\n\n\n<p>Se solicitar uma redefini\u00e7\u00e3o de senha, o seu endere\u00e7o de IP ser\u00e1 inclu\u00eddo no email de redefini\u00e7\u00e3o.<\/p>\n\n\n\n<h3 class=\"wp-block-heading\">Por quanto tempo s\u00e3o retidos os seus dados<\/h3>\n\n\n\n<p>Se deixar um coment\u00e1rio, o coment\u00e1rio e os seus metadados s\u00e3o guardados indefinidamente. Isto acontece de modo a ser poss\u00edvel reconhecer e aprovar automaticamente quaisquer coment\u00e1rios seguintes, em vez de os colocar numa fila de modera\u00e7\u00e3o.<\/p>\n\n\n\n<p>Para utilizadores que se registem no nosso site (se algum), guardamos a informa\u00e7\u00e3o pessoal fornecida no seu perfil de utilizador. Todos os utilizadores podem ver, editar, ou eliminar a sua informa\u00e7\u00e3o pessoal a qualquer momento (com a excep\u00e7\u00e3o de n\u00e3o poderem alterar o nome de utilizador). Os administradores do site podem tamb\u00e9m ver e editar essa informa\u00e7\u00e3o.<\/p>\n\n\n\n<h3 class=\"wp-block-heading\">Que direitos tem sobre os seus dados<\/h3>\n\n\n\n<p>Se tiver uma conta neste site, ou deixou coment\u00e1rios, pode pedir para receber um ficheiro de exporta\u00e7\u00e3o com os dados pessoais guardados sobre si, incluindo qualquer dado pessoal que indicou. Tamb\u00e9m pode solicitar que os dados guardados sejam eliminados. Isto n\u00e3o inclui qualquer dado pessoal que seja obrigat\u00f3rio manter para fins administrativos, legais ou de seguran\u00e7a.<\/p>\n\n\n\n<h3 class=\"wp-block-heading\">Para onde os seus dados s\u00e3o enviados<\/h3>\n\n\n\n<p>Os coment\u00e1rios dos visitantes podem ser verificados atrav\u00e9s de um servi\u00e7o autom\u00e1tico de detec\u00e7\u00e3o de spam.<\/p>\n\n\n\n<h1 class=\"wp-block-heading\"><strong>In our physical spaces<\/strong><\/h1>\n\n\n\n<p>Os dados fornecidos a Fragmentazul &#8211; Mobility Services Unipessoal, Lda., ser\u00e3o utilizados exclusivamente para a gest\u00e3o de clientes, incluindo a defini\u00e7\u00e3o de perfis, para efeitos de marketing e publicidade, bem como para seguran\u00e7a de pessoas, bens e instala\u00e7\u00f5es onde a Fragmentazul desenvolva a sua actividade comercial.<\/p>\n\n\n\n<p>As opera\u00e7\u00f5es de tratamento de dados t\u00eam as seguintes bases de licitude:<\/p>\n\n\n\n<ul class=\"wp-block-list\">\n<li>O tratamento de dados pessoais for necess\u00e1rio \u00e0 execu\u00e7\u00e3o de um contrato; venda de produtos ou servi\u00e7os; ou<\/li>\n\n\n\n<li>Quando o titular dos Dados tiver dado o seu consentimento para o tratamento dos seus dados: ficha de cliente, defini\u00e7\u00e3o de perfis e transmiss\u00e3o de dados a terceiros; ou<\/li>\n\n\n\n<li>quando o tratamento decorrer de uma obriga\u00e7\u00e3o legal, nomeadamente factura\u00e7\u00e3o.<\/li>\n<\/ul>\n\n\n\n<p>Fragmentazul, no \u00e2mbito da sua actividade, prev\u00ea levar a cabo perfis de clientes, possibilitando a divulga\u00e7\u00e3o de campanhas, produtos e promo\u00e7\u00f5es, da\u00ed decorrentes. Dessa defini\u00e7\u00e3o de perfis apenas resultar\u00e1 a atribui\u00e7\u00f5es de vantagens comerciais ao cliente, com base no seu hist\u00f3rico de interac\u00e7\u00f5es com Fragmentazul, atrav\u00e9s de qualquer uma das marcas por ela representada, bem como o envio de publicidade e marketing ligados \u00e0s vantagens enunciadas.<\/p>\n\n\n\n<p>A ficha de cliente comportar\u00e1 os dados de identifica\u00e7\u00e3o do cliente, fornecidos pelo pr\u00f3prio, assim como os dados relativos \u00e0 compra de produtos e dados respeitantes aos servi\u00e7os ou produtos adquiridos, decorrentes da sua interac\u00e7\u00e3o com a Fragmentazul.<\/p>\n\n\n\n<p>Na recolha de dados efectuada por Fragmentazul, apenas a mesma ter\u00e1 acesso aos dados pessoais recolhidos, n\u00e3o sendo em caso algum partilhados com entidades terceiras, excepto no cumprimento de imposi\u00e7\u00f5es judiciais.<\/p>\n\n\n\n<p>Os dados fornecidos para a finalidade de Gest\u00e3o de Clientes, ser\u00e3o mantidos pelo prazo de:<\/p>\n\n\n\n<ul class=\"wp-block-list\">\n<li>Os dados armazenados em software externo a Fragmentazul, nomeadamente de factura\u00e7\u00e3o, ser\u00e3o armazenados durante o per\u00edodo em que o mesmo se encontre activo.<\/li>\n\n\n\n<li>Os dados armazenados em servidores pr\u00f3prios e\/ou contratados directamente pela Fragmentazul, manter-se-\u00e3o activos durante o per\u00edodo de 2 anos ap\u00f3s a \u00faltima interac\u00e7\u00e3o com o cliente.<\/li>\n\n\n\n<li>Para efeitos fiscais, os dados ser\u00e3o mantidos pelo prazo de 10 anos, a partir da aquisi\u00e7\u00e3o do produto e\/ou servi\u00e7o, tal como decorre no artigo 123\u00ba, n\u00ba4 do CIRC.<\/li>\n<\/ul>\n\n\n\n<h3 class=\"wp-block-heading\">Imagens do sistema de videovigil\u00e2ncia <\/h3>\n\n\n\n<p>Recolhidas e tratadas de acordo com o disposto na legisla\u00e7\u00e3o, e que poder\u00e1 consultar em detalhe em&nbsp;<a href=\"\/en\/cctv\/\" data-type=\"URL\" data-id=\"\/cctv\">https:\/\/www.mobilityservices.pt\/cctv<\/a><\/p>\n\n\n\n<h3 class=\"wp-block-heading\">Controlo de acessos<\/h3>\n\n\n\n<p>Os acessos dos clientes poder\u00e3o ficar registados, n\u00e3o sendo os mesmos partilhados com qualquer entidade.<br>O registo de acessos efectuado, apenas \u00e9 utilizado internamente aquando de verifica\u00e7\u00e3o de situa\u00e7\u00f5es an\u00f3malas ao normal funcionamento do espa\u00e7o em quest\u00e3o ou de algum equipamento, n\u00e3o sendo em caso algum facultados a terceiros, excepto nos casos previstos na lei.<\/p>\n\n\n\n<h1 class=\"wp-block-heading has-text-align-left\"><strong>Acquisition of products and services, in person or through digital channels<\/strong><\/h1>\n\n\n\n<h3 class=\"wp-block-heading\">Factura\u00e7\u00e3o<\/h3>\n\n\n\n<p>Os dados recolhidos e utilizados para factura\u00e7\u00e3o, s\u00e3o recolhidos por n\u00f3s, sendo tratados por uma entidade externa (Moloni).<\/p>\n\n\n\n<h3 class=\"wp-block-heading\">Contratualiza\u00e7\u00e3o de servi\u00e7os<\/h3>\n\n\n\n<p>Recolhidos e utilizados no programa de factura\u00e7\u00e3o (de entidade externa), n\u00e3o sendo em caso algum partilhados com qualquer outra entidade ou indiv\u00edduo.<\/p>","protected":false},"excerpt":{"rendered":"<p>Quem somos A nossa marca \u00e9 \u201cMobility Services\u201d.O endere\u00e7o do nosso site \u00e9: https:\/\/www.mobilityservices.pt.A nossa designa\u00e7\u00e3o social \u00e9 Fragmentazul \u2013 Mobility Services, Unipessoal, Lda., e temos o n\u00famero de identifica\u00e7\u00e3o fiscal 510 449 930. No site Coment\u00e1rios Quando os visitantes deixam coment\u00e1rios no site, s\u00e3o guardados os dados presentes no formul\u00e1rio dos coment\u00e1rios, bem como &hellip; <a href=\"https:\/\/mobilityservices.pt\/en\/privacy\/\" class=\"more-link\">Continue reading<span class=\"screen-reader-text\"> &#8220;Pol\u00edtica de Privacidade de Dados&#8221;<\/span><\/a><\/p>","protected":false},"author":1,"featured_media":0,"parent":0,"menu_order":0,"comment_status":"closed","ping_status":"open","template":"","meta":{"_glsr_average":0,"_glsr_ranking":0,"_glsr_reviews":0,"footnotes":""},"class_list":["post-3","page","type-page","status-publish","hentry"],"_links":{"self":[{"href":"https:\/\/mobilityservices.pt\/en\/wp-json\/wp\/v2\/pages\/3","targetHints":{"allow":["GET"]}}],"collection":[{"href":"https:\/\/mobilityservices.pt\/en\/wp-json\/wp\/v2\/pages"}],"about":[{"href":"https:\/\/mobilityservices.pt\/en\/wp-json\/wp\/v2\/types\/page"}],"author":[{"embeddable":true,"href":"https:\/\/mobilityservices.pt\/en\/wp-json\/wp\/v2\/users\/1"}],"replies":[{"embeddable":true,"href":"https:\/\/mobilityservices.pt\/en\/wp-json\/wp\/v2\/comments?post=3"}],"version-history":[{"count":6,"href":"https:\/\/mobilityservices.pt\/en\/wp-json\/wp\/v2\/pages\/3\/revisions"}],"predecessor-version":[{"id":10812,"href":"https:\/\/mobilityservices.pt\/en\/wp-json\/wp\/v2\/pages\/3\/revisions\/10812"}],"wp:attachment":[{"href":"https:\/\/mobilityservices.pt\/en\/wp-json\/wp\/v2\/media?parent=3"}],"curies":[{"name":"wp","href":"https:\/\/api.w.org\/{rel}","templated":true}]}}