{"id":12943,"date":"2024-07-21T11:37:31","date_gmt":"2024-07-21T11:37:31","guid":{"rendered":"https:\/\/mobilityservices.pt\/?page_id=12943"},"modified":"2024-07-21T12:42:43","modified_gmt":"2024-07-21T12:42:43","slug":"cliente","status":"publish","type":"page","link":"https:\/\/mobilityservices.pt\/en\/cliente\/","title":{"rendered":"Cliente"},"content":{"rendered":"<section class=\"u-clearfix u-section-2\" id=\"sec-2933\">\n      <div class=\"u-clearfix u-sheet u-sheet-1\"><\/div>\n    <\/section>\n    <section class=\"u-clearfix u-grey-10 u-section-3\" id=\"sec-b829\">\n      <div class=\"u-clearfix u-sheet u-valign-middle u-sheet-1\">\n        <h3 class=\"u-text u-text-default u-text-1\">Cliente<\/h3>\n      <\/div>\n    <\/section>\n    <section class=\"u-align-center u-clearfix u-container-align-center-lg u-container-align-center-md u-container-align-center-sm u-container-align-center-xl u-section-4\" id=\"sec-9cd8\">\n      <div class=\"u-clearfix u-sheet u-valign-middle u-sheet-1\">\n        <div class=\"u-expanded-width u-list u-list-1\">\n          <div class=\"u-repeater u-repeater-1\">\n            <div class=\"u-container-style u-list-item u-repeater-item\">\n              <div class=\"u-container-layout u-similar-container u-container-layout-1\"><span class=\"u-align-center u-file-icon u-icon u-icon-1\" data-href=\"https:\/\/mobilityservices.pt\/actualizacao-de-dados-de-cliente\/\" title=\"Actualiza\u00e7\u00e3o de dados de cliente\"><img decoding=\"async\" src=\"https:\/\/mobilityservices.pt\/wp-content\/uploads\/2023\/04\/10823049.png\" alt=\"\"><\/span>\n                <h3 class=\"u-align-left u-text u-text-1\">\n                  <a class=\"u-active-none u-border-none u-btn u-button-link u-button-style u-hover-none u-none u-text-palette-3-base u-btn-1\" href=\"https:\/\/mobilityservices.pt\/en\/actualizacao-de-dados-de-cliente\/\">Dados Pessoais<\/a>\n                <\/h3>\n                <p class=\"u-align-justify u-text u-text-2\">Os seus dados pessoais e de contacto, e por uma quest\u00e3o de seguran\u00e7a, dever\u00e3o estar sempre actualizados.<br>Atrav\u00e9s desta \u00e1rea poder\u00e1 efectuar pedido de actualiza\u00e7\u00e3o&nbsp;\n                <\/p>\n              <\/div>\n            <\/div>\n            <div class=\"u-container-style u-list-item u-repeater-item\">\n              <div class=\"u-container-layout u-similar-container u-container-layout-2\"><span class=\"u-align-center u-file-icon u-icon u-icon-2\"><img decoding=\"async\" src=\"https:\/\/mobilityservices.pt\/wp-content\/uploads\/2023\/04\/8072446.png\" alt=\"\"><\/span>\n                <h3 class=\"u-align-left u-text u-text-3\">Dados de Factura\u00e7\u00e3o<\/h3>\n                <p class=\"u-align-justify u-text u-text-4\">Pretende que os dados que utilizamos na emiss\u00e3o de toda a documenta\u00e7\u00e3o fiscal sejam alterados?<br>\n                  <span style=\"font-weight: 700;\">(Brevemente dispon\u00edvel)<\/span>\n                <\/p>\n              <\/div>\n            <\/div>\n          <\/div>\n        <\/div>\n      <\/div>\n    <\/section>\n    <section class=\"u-clearfix u-grey-10 u-section-5\" id=\"carousel_20fa\">\n      <div class=\"u-clearfix u-sheet u-valign-middle u-sheet-1\">\n        <h3 class=\"u-text u-text-default u-text-1\">Parking<\/h3>\n      <\/div>\n    <\/section>\n    <section class=\"u-align-center u-clearfix u-container-align-center-lg u-container-align-center-md u-container-align-center-sm u-container-align-center-xl u-section-6\" id=\"carousel_d59a\">\n      <div class=\"u-clearfix u-sheet u-valign-middle-lg u-valign-middle-md u-valign-middle-sm u-valign-middle-xl u-sheet-1\">\n        <div class=\"u-expanded-width u-list u-list-1\">\n          <div class=\"u-repeater u-repeater-1\">\n            <div class=\"u-container-style u-list-item u-repeater-item\">\n              <div class=\"u-container-layout u-similar-container u-container-layout-1\"><span class=\"u-align-center u-file-icon u-icon u-icon-1\" data-href=\"https:\/\/mobilityservices.pt\/actualizacao-de-dados-de-cliente\/\" title=\"Actualiza\u00e7\u00e3o de dados de cliente\"><img decoding=\"async\" src=\"https:\/\/mobilityservices.pt\/wp-content\/uploads\/2023\/04\/3005431.png\" alt=\"\"><\/span>\n                <h3 class=\"u-align-left u-text u-text-1\">Adicionar lugar de estacionamento<\/h3>\n                <p class=\"u-align-justify u-text u-text-2\">\u00c9 titular de um ou mais lugares de estacionamento e pretende adicionar mais algum ao seu contrato actual?<br>\n                  <span style=\"font-weight: 700;\">(Brevemente dispon\u00edvel)<\/span>\n                  <br>\n                <\/p>\n              <\/div>\n            <\/div>\n            <div class=\"u-container-style u-list-item u-repeater-item\">\n              <div class=\"u-container-layout u-similar-container u-container-layout-2\"><span class=\"u-align-center u-file-icon u-icon u-icon-2\"><img decoding=\"async\" src=\"https:\/\/mobilityservices.pt\/wp-content\/uploads\/2023\/04\/10037195.png\" alt=\"\"><\/span>\n                <h3 class=\"u-align-left u-text u-text-3\">Solicitar Cancelamento<\/h3>\n                <p class=\"u-align-justify u-text u-text-4\">Pretende rescindir o seu actual contrato de estacionamento?<br>\n                  <span style=\"font-weight: 700;\">(Brevemente dispon\u00edvel)<\/span>\n                <\/p>\n              <\/div>\n            <\/div>\n          <\/div>\n        <\/div>\n      <\/div>\n    <\/section>\n    <section class=\"u-clearfix u-grey-10 u-section-7\" id=\"carousel_cfd4\">\n      <div class=\"u-clearfix u-sheet u-valign-middle u-sheet-1\">\n        <h3 class=\"u-text u-text-default u-text-1\">Estacionamento Pontual<\/h3>\n      <\/div>\n    <\/section>\n    <section class=\"u-align-center u-clearfix u-container-align-center-lg u-container-align-center-md u-container-align-center-sm u-container-align-center-xl u-section-8\" id=\"carousel_d6fc\">\n      <div class=\"u-clearfix u-sheet u-valign-middle-lg u-valign-middle-md u-valign-middle-sm u-valign-middle-xl u-sheet-1\">\n        <div class=\"u-expanded-width u-list u-list-1\">\n          <div class=\"u-repeater u-repeater-1\">\n            <div class=\"u-container-style u-list-item u-repeater-item\">\n              <div class=\"u-container-layout u-similar-container u-container-layout-1\"><span class=\"u-align-center u-file-icon u-icon u-icon-1\" data-href=\"https:\/\/mobilityservices.pt\/actualizacao-de-dados-de-cliente\/\" title=\"Actualiza\u00e7\u00e3o de dados de cliente\"><img decoding=\"async\" src=\"https:\/\/mobilityservices.pt\/wp-content\/uploads\/2023\/04\/3005431.png\" alt=\"\"><\/span>\n                <h3 class=\"u-align-left u-text u-text-1\">Reservar lugar pontual<\/h3>\n                <p class=\"u-align-justify u-text u-text-2\">Pretende estacionar uma viatura extra durante um ou mais dias, al\u00e9m do que est\u00e1 previsto no seu contrato de estacionamento?<br>\n                  <br>\n                  <span style=\"font-weight: 700;\">Servi\u00e7o dispon\u00edvel apenas para clientes com contrato activo<\/span>\n                  <br>\n                  <span style=\"font-weight: 700;\">(Brevemente dispon\u00edvel)<\/span>\n                  <br>\n                <\/p>\n              <\/div>\n            <\/div>\n            <div class=\"u-container-style u-list-item u-repeater-item\">\n              <div class=\"u-container-layout u-similar-container u-container-layout-2\"><span class=\"u-align-center u-file-icon u-icon u-icon-2\"><img decoding=\"async\" src=\"https:\/\/mobilityservices.pt\/wp-content\/uploads\/2023\/04\/3005431-1.png\" alt=\"\"><\/span>\n                <h3 class=\"u-align-left u-text u-text-3\">Verificar disponibilidade<\/h3>\n                <p class=\"u-align-justify u-text u-text-4\">Vai de f\u00e9rias uns dias, ou pretende apenas guardar a sua viatura pontualmente?<br>\n                  <br>\n                  <span style=\"font-weight: 700;\">Servi\u00e7o dispon\u00edvel apenas para clientes sem contrato activo<\/span>\n                  <br>\n                  <span style=\"font-weight: 700;\">(Brevemente dispon\u00edvel)<\/span>\n                <\/p>\n              <\/div>\n            <\/div>\n          <\/div>\n        <\/div>\n      <\/div>\n    <\/section>","protected":false},"excerpt":{"rendered":"<p>Cliente Dados Pessoais Os seus dados pessoais e de contacto, e por uma quest\u00e3o de seguran\u00e7a, dever\u00e3o estar sempre actualizados.Atrav\u00e9s desta \u00e1rea poder\u00e1 efectuar pedido de actualiza\u00e7\u00e3o&nbsp; Dados de Factura\u00e7\u00e3o Pretende que os dados que utilizamos na emiss\u00e3o de toda a documenta\u00e7\u00e3o fiscal sejam alterados? (Brevemente dispon\u00edvel) Estacionamento Adicionar lugar de estacionamento \u00c9 titular de &hellip; <a href=\"https:\/\/mobilityservices.pt\/en\/cliente\/\" class=\"more-link\">Continue reading<span class=\"screen-reader-text\"> &#8220;Cliente&#8221;<\/span><\/a><\/p>","protected":false},"author":1,"featured_media":0,"parent":0,"menu_order":0,"comment_status":"closed","ping_status":"closed","template":"","meta":{"_glsr_average":0,"_glsr_ranking":0,"_glsr_reviews":0,"footnotes":""},"class_list":["post-12943","page","type-page","status-publish","hentry"],"_links":{"self":[{"href":"https:\/\/mobilityservices.pt\/en\/wp-json\/wp\/v2\/pages\/12943","targetHints":{"allow":["GET"]}}],"collection":[{"href":"https:\/\/mobilityservices.pt\/en\/wp-json\/wp\/v2\/pages"}],"about":[{"href":"https:\/\/mobilityservices.pt\/en\/wp-json\/wp\/v2\/types\/page"}],"author":[{"embeddable":true,"href":"https:\/\/mobilityservices.pt\/en\/wp-json\/wp\/v2\/users\/1"}],"replies":[{"embeddable":true,"href":"https:\/\/mobilityservices.pt\/en\/wp-json\/wp\/v2\/comments?post=12943"}],"version-history":[{"count":11,"href":"https:\/\/mobilityservices.pt\/en\/wp-json\/wp\/v2\/pages\/12943\/revisions"}],"predecessor-version":[{"id":12963,"href":"https:\/\/mobilityservices.pt\/en\/wp-json\/wp\/v2\/pages\/12943\/revisions\/12963"}],"wp:attachment":[{"href":"https:\/\/mobilityservices.pt\/en\/wp-json\/wp\/v2\/media?parent=12943"}],"curies":[{"name":"wp","href":"https:\/\/api.w.org\/{rel}","templated":true}]}}