{"id":12938,"date":"2024-07-21T11:23:52","date_gmt":"2024-07-21T11:23:52","guid":{"rendered":"https:\/\/mobilityservices.pt\/?page_id=12938"},"modified":"2024-07-21T12:45:17","modified_gmt":"2024-07-21T12:45:17","slug":"actualizacao-de-dados-de-cliente","status":"publish","type":"page","link":"https:\/\/mobilityservices.pt\/en\/actualizacao-de-dados-de-cliente\/","title":{"rendered":"Actualiza\u00e7\u00e3o de dados de cliente"},"content":{"rendered":"\n<p>Para n\u00f3s, e porque nunca sabemos quando iremos necessitar, os seus dados de contacto s\u00e3o bastante importantes e dever\u00e3o estar actualizados.<\/p>\n\n\n\n<p>Para proceder \u00e0 actualiza\u00e7\u00e3o, basta preencher o seguinte formul\u00e1rio:<\/p>\n\n\n<div id=\"quform-fda6e5\" class=\"quform quform-8 quform-support-page-caching\"><form id=\"quform-form-fda6e5\" class=\"quform-form quform-form-8\" action=\"\/en\/wp-json\/wp\/v2\/pages\/12938#quform-fda6e5\" method=\"post\" enctype=\"multipart\/form-data\" novalidate=\"novalidate\" data-options=\"{&quot;id&quot;:8,&quot;uniqueId&quot;:&quot;fda6e5&quot;,&quot;theme&quot;:&quot;&quot;,&quot;ajax&quot;:true,&quot;logic&quot;:{&quot;logic&quot;:[],&quot;dependents&quot;:[],&quot;elementIds&quot;:[],&quot;dependentElementIds&quot;:[],&quot;animate&quot;:true},&quot;currentPageId&quot;:1,&quot;errorsIcon&quot;:&quot;&quot;,&quot;updateFancybox&quot;:true,&quot;hasPages&quot;:false,&quot;pages&quot;:[1],&quot;pageProgressType&quot;:&quot;numbers&quot;,&quot;tooltipsEnabled&quot;:true,&quot;tooltipClasses&quot;:&quot;qtip-quform-dark qtip-shadow&quot;,&quot;tooltipMy&quot;:&quot;left center&quot;,&quot;tooltipAt&quot;:&quot;right center&quot;,&quot;isRtl&quot;:false,&quot;scrollOffset&quot;:-50,&quot;scrollSpeed&quot;:800}\"><button class=\"quform-default-submit\" name=\"quform_submit\" type=\"submit\" value=\"submit\" aria-hidden=\"true\" tabindex=\"-1\"><\/button><div class=\"quform-form-inner quform-form-inner-8\"><input type=\"hidden\" name=\"quform_form_id\" value=\"8\" \/><input type=\"hidden\" name=\"quform_form_uid\" value=\"fda6e5\" \/><input type=\"hidden\" name=\"quform_count\" value=\"1\" \/><input type=\"hidden\" name=\"form_url\" value=\"https:\/\/mobilityservices.pt\/en\/wp-json\/wp\/v2\/pages\/12938\" \/><input type=\"hidden\" name=\"referring_url\" value=\"\" \/><input type=\"hidden\" name=\"post_id\" value=\"\" \/><input type=\"hidden\" name=\"post_title\" value=\"\" \/><input type=\"hidden\" name=\"quform_current_page_id\" value=\"1\" \/><input type=\"hidden\" name=\"quform_csrf_token\" value=\"9hB3BBvsq2JLJbBmsdpiegk2Udt4BQ6eGxH5vczY\" \/><div class=\"quform-elements quform-elements-8 quform-cf quform-responsive-elements-phone-landscape\"><div class=\"quform-element quform-element-page quform-page-1 quform-page-8_1 quform-cf quform-group-style-plain quform-first-page quform-last-page quform-current-page\"><div class=\"quform-child-elements\"><div class=\"quform-element quform-element-name quform-element-8_3 quform-cf quform-element-optional\"><div class=\"quform-spacer\"><div class=\"quform-label quform-label-8_3\"><label class=\"quform-label-text\" id=\"quform_8_3_fda6e5_label\">Nome<\/label><\/div><div class=\"quform-inner quform-inner-name quform-inner-8_3\"><div class=\"quform-input quform-input-name quform-input-8_3 quform-cf\"><div class=\"quform-element-row quform-2-columns quform-element-row-size-fixed quform-responsive-columns-phone-landscape\"><div class=\"quform-element-column\"><div class=\"quform-element quform-element-text quform-element-8_3_2 quform-cf quform-element-optional\"><div class=\"quform-spacer\"><div class=\"quform-inner quform-inner-text quform-inner-8_3_2\"><div class=\"quform-input quform-input-text quform-input-8_3_2 quform-cf\"><input type=\"text\" id=\"quform_8_3_2_fda6e5\" name=\"quform_8_3[2]\" class=\"quform-field quform-field-text quform-field-8_3_2\" aria-labelledby=\"quform_8_3_fda6e5_label quform_8_3_2_fda6e5_sub_label_below\" \/><\/div><label id=\"quform_8_3_2_fda6e5_sub_label_below\" class=\"quform-sub-label quform-sub-label-below\">Primeiro<\/label><\/div><\/div><\/div><\/div><div class=\"quform-element-column\"><div class=\"quform-element quform-element-text quform-element-8_3_4 quform-cf quform-element-optional\"><div class=\"quform-spacer\"><div class=\"quform-inner quform-inner-text quform-inner-8_3_4\"><div class=\"quform-input quform-input-text quform-input-8_3_4 quform-cf\"><input type=\"text\" id=\"quform_8_3_4_fda6e5\" name=\"quform_8_3[4]\" class=\"quform-field quform-field-text quform-field-8_3_4\" aria-labelledby=\"quform_8_3_fda6e5_label quform_8_3_4_fda6e5_sub_label_below\" \/><\/div><label id=\"quform_8_3_4_fda6e5_sub_label_below\" class=\"quform-sub-label quform-sub-label-below\">\u00daltimo<\/label><\/div><\/div><\/div><\/div><\/div><\/div><\/div><\/div><\/div><div class=\"quform-element quform-element-text quform-element-8_4 quform-cf quform-element-optional\"><div class=\"quform-spacer\"><div class=\"quform-label quform-label-8_4\"><label class=\"quform-label-text\" for=\"quform_8_4_fda6e5\">N\u00famero de Identifica\u00e7\u00e3o Fiscal<\/label><\/div><div class=\"quform-inner quform-inner-text quform-inner-8_4\"><div class=\"quform-input quform-input-text quform-input-8_4 quform-cf\"><input type=\"text\" id=\"quform_8_4_fda6e5\" name=\"quform_8_4\" class=\"quform-field quform-field-text quform-field-8_4\" \/><\/div><\/div><\/div><\/div><div class=\"quform-element quform-element-text quform-element-8_5 quform-cf quform-element-required\"><div class=\"quform-spacer\"><div class=\"quform-label quform-label-8_5\"><label class=\"quform-label-text\" for=\"quform_8_5_fda6e5\">Telefone<span class=\"quform-required\">*<\/span><\/label><\/div><div class=\"quform-inner quform-inner-text quform-inner-8_5\"><div class=\"quform-input quform-input-text quform-input-8_5 quform-cf\"><input type=\"text\" id=\"quform_8_5_fda6e5\" name=\"quform_8_5\" class=\"quform-field quform-field-text quform-field-8_5\" \/><\/div><\/div><\/div><\/div><div class=\"quform-element quform-element-text quform-element-8_6 quform-cf quform-element-required\"><div class=\"quform-spacer\"><div class=\"quform-label quform-label-8_6\"><label class=\"quform-label-text\" for=\"quform_8_6_fda6e5\">E-mail<span class=\"quform-required\">*<\/span><\/label><\/div><div class=\"quform-inner quform-inner-text quform-inner-8_6\"><div class=\"quform-input quform-input-text quform-input-8_6 quform-cf\"><input type=\"text\" id=\"quform_8_6_fda6e5\" name=\"quform_8_6\" class=\"quform-field quform-field-text quform-field-8_6\" \/><\/div><\/div><\/div><\/div><div class=\"quform-element quform-element-submit quform-element-8_2 quform-cf quform-button-style-theme\"><div class=\"quform-button-submit quform-button-submit-default quform-button-submit-8_2\"><button name=\"quform_submit\" type=\"submit\" class=\"quform-submit\" value=\"submit\"><span class=\"quform-button-text quform-button-submit-text\">Enviar<\/span><\/button><\/div><div class=\"quform-loading quform-loading-position-left quform-loading-type-spinner-1\"><div class=\"quform-loading-inner\"><div class=\"quform-loading-spinner\"><div class=\"quform-loading-spinner-inner\"><\/div><\/div><\/div><\/div><\/div><div class=\"quform-element-tree\"><label for=\"quform_8_0_fda6e5\">This field should be left blank<\/label><input type=\"text\" id=\"quform_8_0_fda6e5\" name=\"quform_8_0\" class=\"quform-field quform-field-tree quform-field-8_0\" tabindex=\"-1\" autocomplete=\"off\" \/><\/div><\/div><\/div><\/div><\/div><\/form><\/div>\n\n\n\n<div class=\"wp-block-buttons has-custom-font-size is-layout-flex wp-block-buttons-is-layout-flex\" style=\"font-size:40px\">\n<div class=\"wp-block-button has-custom-width wp-block-button__width-50 has-custom-font-size has-small-font-size\"><a class=\"wp-block-button__link wp-element-button\" href=\"\/cliente\" style=\"border-radius:15px\">Voltar atr\u00e1s<\/a><\/div>\n<\/div>\n","protected":false},"excerpt":{"rendered":"<p>Para n\u00f3s, e porque nunca sabemos quando iremos necessitar, os seus dados de contacto s\u00e3o bastante importantes e dever\u00e3o estar actualizados. Para proceder \u00e0 actualiza\u00e7\u00e3o, basta preencher o seguinte formul\u00e1rio:<\/p>","protected":false},"author":1,"featured_media":0,"parent":0,"menu_order":0,"comment_status":"closed","ping_status":"closed","template":"","meta":{"_glsr_average":0,"_glsr_ranking":0,"_glsr_reviews":0,"footnotes":""},"class_list":["post-12938","page","type-page","status-publish","hentry"],"_links":{"self":[{"href":"https:\/\/mobilityservices.pt\/en\/wp-json\/wp\/v2\/pages\/12938","targetHints":{"allow":["GET"]}}],"collection":[{"href":"https:\/\/mobilityservices.pt\/en\/wp-json\/wp\/v2\/pages"}],"about":[{"href":"https:\/\/mobilityservices.pt\/en\/wp-json\/wp\/v2\/types\/page"}],"author":[{"embeddable":true,"href":"https:\/\/mobilityservices.pt\/en\/wp-json\/wp\/v2\/users\/1"}],"replies":[{"embeddable":true,"href":"https:\/\/mobilityservices.pt\/en\/wp-json\/wp\/v2\/comments?post=12938"}],"version-history":[{"count":6,"href":"https:\/\/mobilityservices.pt\/en\/wp-json\/wp\/v2\/pages\/12938\/revisions"}],"predecessor-version":[{"id":12967,"href":"https:\/\/mobilityservices.pt\/en\/wp-json\/wp\/v2\/pages\/12938\/revisions\/12967"}],"wp:attachment":[{"href":"https:\/\/mobilityservices.pt\/en\/wp-json\/wp\/v2\/media?parent=12938"}],"curies":[{"name":"wp","href":"https:\/\/api.w.org\/{rel}","templated":true}]}}