{"id":12844,"date":"2024-06-09T09:27:25","date_gmt":"2024-06-09T09:27:25","guid":{"rendered":"https:\/\/mobilityservices.pt\/?page_id=12844"},"modified":"2024-12-02T21:28:59","modified_gmt":"2024-12-02T21:28:59","slug":"registos-pendentes-de-criacao","status":"publish","type":"page","link":"https:\/\/mobilityservices.pt\/en\/registos-pendentes-de-criacao\/","title":{"rendered":"Registos pendentes de cria\u00e7\u00e3o"},"content":{"rendered":"\n<p>Verifique se o registo que solicitou, ainda se encontra pendente de cria\u00e7\u00e3o, consultando a tabela abaixo.<\/p>\n\n\n\n<div class=\"wpdt-c wdt-skin-light\">\n    \n    <input type=\"hidden\" id=\"wdtNonceFrontendServerSide_45\" name=\"wdtNonceFrontendServerSide_45\" value=\"a20d919b32\" \/><input type=\"hidden\" name=\"_wp_http_referer\" value=\"\/en\/wp-json\/wp\/v2\/pages\/12844\" \/>    <input type=\"hidden\" id=\"table_1_desc\"\n           value='{\"tableId\":\"table_1\",\"tableType\":\"mysql\",\"selector\":\"#table_1\",\"responsive\":false,\"responsiveAction\":\"icon\",\"editable\":false,\"inlineEditing\":false,\"infoBlock\":false,\"pagination\":0,\"paginationAlign\":\"right\",\"paginationLayout\":\"full_numbers\",\"paginationLayoutMobile\":\"simple\",\"file_location\":\"\",\"tableSkin\":\"light\",\"table_wcag\":0,\"simple_template_id\":0,\"scrollable\":false,\"fixedLayout\":false,\"globalSearch\":false,\"showRowsPerPage\":false,\"popoverTools\":false,\"hideBeforeLoad\":true,\"number_format\":1,\"decimalPlaces\":2,\"spinnerSrc\":\"https:\\\/\\\/mobilityservices.pt\\\/wp-content\\\/plugins\\\/wpdatatables\\\/assets\\\/\\\/img\\\/spinner.gif\",\"groupingEnabled\":false,\"tableWpId\":45,\"dataTableParams\":{\"sDom\":\"BT\\u003C\\u0027clear\\u0027\\u003Et\",\"bSortCellsTop\":false,\"bFilter\":true,\"aLengthMenu\":[[1,5,10,25,50,100,-1],[1,5,10,25,50,100,\"All\"]],\"iDisplayLength\":10,\"columnDefs\":[{\"sType\":\"string\",\"wdtType\":\"string\",\"bVisible\":true,\"orderable\":true,\"searchable\":true,\"InputType\":\"none\",\"name\":\"id_pedido\",\"origHeader\":\"id_pedido\",\"notNull\":false,\"conditionalFormattingRules\":[],\"transformValueRules\":\"\",\"className\":\" column-id_pedido\",\"aTargets\":[0]},{\"sType\":\"date-custom\",\"wdtType\":\"date\",\"bVisible\":false,\"orderable\":true,\"searchable\":true,\"InputType\":\"none\",\"name\":\"data\",\"origHeader\":\"data\",\"notNull\":false,\"conditionalFormattingRules\":[],\"transformValueRules\":\"\",\"className\":\" column-data\",\"aTargets\":[1]},{\"sType\":\"string\",\"wdtType\":\"string\",\"bVisible\":false,\"orderable\":true,\"searchable\":true,\"InputType\":\"none\",\"name\":\"Estacionamento\",\"origHeader\":\"Estacionamento\",\"notNull\":false,\"conditionalFormattingRules\":[],\"transformValueRules\":\"\",\"className\":\" column-estacionamento\",\"aTargets\":[2]},{\"sType\":\"date-custom\",\"wdtType\":\"date\",\"bVisible\":false,\"orderable\":true,\"searchable\":true,\"InputType\":\"text\",\"name\":\"Data_criacao\",\"origHeader\":\"Data_criacao\",\"notNull\":false,\"conditionalFormattingRules\":[],\"transformValueRules\":\"\",\"className\":\" column-data_criacao\",\"aTargets\":[3]}],\"bAutoWidth\":false,\"order\":[[0,\"asc\"]],\"ordering\":false,\"fixedHeader\":{\"header\":false,\"headerOffset\":0},\"fixedColumns\":false,\"oLanguage\":{\"sProcessing\":\"A processar...\",\"sLengthMenu\":\"Mostrar _MENU_ registos\",\"sZeroRecords\":\"N\\u00e3o foram encontrados resultados\",\"sInfo\":\"Mostrando de _START_ at\\u00e9 _END_ de _TOTAL_ registos\",\"sInfoEmpty\":\"Mostrando de 0 at\\u00e9 0 de 0 registros\",\"sInfoFiltered\":\"(filtrado de _MAX_ registos no total)\",\"sInfoPostFix\":\"\",\"sSearch\":\"Procurar:\",\"sSearchPlaceholder\":\"\",\"sUrl\":\"\",\"oPaginate\":{\"sFirst\":\"Primeiro\",\"sPrevious\":\"Anterior\",\"sNext\":\"Seguinte\",\"sLast\":\"\\u00daltimo\"}},\"buttons\":[],\"bProcessing\":false,\"serverSide\":true,\"ajax\":{\"url\":\"https:\\\/\\\/mobilityservices.pt\\\/wp-admin\\\/admin-ajax.php?action=get_wdtable&table_id=45\",\"type\":\"POST\"},\"oSearch\":{\"bSmart\":false,\"bRegex\":false,\"sSearch\":\"\"}},\"customRowDisplay\":\"\",\"tabletWidth\":\"1024\",\"mobileWidth\":\"480\",\"renderFilter\":\"footer\",\"advancedFilterEnabled\":false,\"serverSide\":true,\"autoRefreshInterval\":0,\"processing\":true,\"fnServerData\":true,\"columnsFixed\":0,\"sumFunctionsLabel\":\"Total\",\"avgFunctionsLabel\":\"M\\u00e9dia\",\"minFunctionsLabel\":\"M\\u00ednimo\",\"maxFunctionsLabel\":\"M\\u00e1ximo\",\"columnsDecimalPlaces\":{\"id_pedido\":-1,\"data\":-1,\"Estacionamento\":-1,\"Data_criacao\":-1},\"columnsThousandsSeparator\":[],\"sumColumns\":[],\"avgColumns\":[],\"sumAvgColumns\":[],\"timeFormat\":\"H:i\",\"datepickFormat\":\"dd\\\/mm\\\/yy\"}'\/>\n\n    <table id=\"table_1\"\n           class=\"   display nowrap data-t data-t wpDataTable wpDataTableID-45\"\n           style=\"display: none; \"\n           data-described-by='table_1_desc'\n           data-wpdatatable_id=\"45\">\n        \n        <!-- Table header -->\n        \n<thead>\n<tr>\n                    <th\n        data-class=\"expand\"                class=\" wdtheader sort \"\n        style=\"\">ID do pedido<\/th>        <th\n                        class=\" wdtheader sort \"\n        style=\"\">Data<\/th>        <th\n                        class=\" wdtheader sort \"\n        style=\"\">Estacionamento<\/th>        <th\n                        class=\" wdtheader sort \"\n        style=\"\">Data_criacao<\/th>    <\/tr>\n<\/thead>\n        <!-- \/Table header -->\n\n        <!-- Table body -->\n        \n<tbody>\n            <tr id=\"table_45_row_0\" data-row-index=\"0\">\n                            <td style=\"\">675609562ac45<\/td>\n                            <td style=\"\">08\/12\/2024<\/td>\n                            <td style=\"\">Queluz - Estrada \u00c1guas Livres<\/td>\n                            <td style=\"\">30\/11\/-0001<\/td>\n                    <\/tr>\n                <tr id=\"table_45_row_1\" data-row-index=\"1\">\n                            <td style=\"\">67560bcc0de66<\/td>\n                            <td style=\"\">08\/12\/2024<\/td>\n                            <td style=\"\">Queluz - Estrada \u00c1guas Livres<\/td>\n                            <td style=\"\">30\/11\/-0001<\/td>\n                    <\/tr>\n                <tr id=\"table_45_row_2\" data-row-index=\"2\">\n                            <td style=\"\">6756ff08ed987<\/td>\n                            <td style=\"\">09\/12\/2024<\/td>\n                            <td style=\"\">Queluz - Estrada \u00c1guas Livres<\/td>\n                            <td style=\"\">30\/11\/-0001<\/td>\n                    <\/tr>\n                <tr id=\"table_45_row_3\" data-row-index=\"3\">\n                            <td style=\"\">6757402c440b6<\/td>\n                            <td style=\"\">09\/12\/2024<\/td>\n                            <td style=\"\">Queluz - Estrada \u00c1guas Livres<\/td>\n                            <td style=\"\">30\/11\/-0001<\/td>\n                    <\/tr>\n                <tr id=\"table_45_row_4\" data-row-index=\"4\">\n                            <td style=\"\">6758b1cbac07f<\/td>\n                            <td style=\"\">10\/12\/2024<\/td>\n                            <td style=\"\">Queluz - Estrada \u00c1guas Livres<\/td>\n                            <td style=\"\">30\/11\/-0001<\/td>\n                    <\/tr>\n                <tr id=\"table_45_row_5\" data-row-index=\"5\">\n                            <td style=\"\">6758b31e7d8a4<\/td>\n                            <td style=\"\">10\/12\/2024<\/td>\n                            <td style=\"\">Queluz - Estrada \u00c1guas Livres<\/td>\n                            <td style=\"\">30\/11\/-0001<\/td>\n                    <\/tr>\n                <tr id=\"table_45_row_6\" data-row-index=\"6\">\n                            <td style=\"\">675b3f57dc42d<\/td>\n                            <td style=\"\">12\/12\/2024<\/td>\n                            <td style=\"\">Queluz - Estrada \u00c1guas Livres<\/td>\n                            <td style=\"\">30\/11\/-0001<\/td>\n                    <\/tr>\n                <tr id=\"table_45_row_7\" data-row-index=\"7\">\n                            <td style=\"\">67605a5a31b46<\/td>\n                            <td style=\"\">16\/12\/2024<\/td>\n                            <td style=\"\">Queluz - Estrada \u00c1guas Livres<\/td>\n                            <td style=\"\">30\/11\/-0001<\/td>\n                    <\/tr>\n                <tr id=\"table_45_row_8\" data-row-index=\"8\">\n                            <td style=\"\">67618ec074b41<\/td>\n                            <td style=\"\">17\/12\/2024<\/td>\n                            <td style=\"\">Queluz - Estrada \u00c1guas Livres<\/td>\n                            <td style=\"\">30\/11\/-0001<\/td>\n                    <\/tr>\n                <tr id=\"table_45_row_9\" data-row-index=\"9\">\n                            <td style=\"\">6763202c9b077<\/td>\n                            <td style=\"\">18\/12\/2024<\/td>\n                            <td style=\"\">Queluz - Estrada \u00c1guas Livres<\/td>\n                            <td style=\"\">30\/11\/-0001<\/td>\n                    <\/tr>\n    <\/tbody>        <!-- \/Table body -->\n\n        <!-- Table footer -->\n        \n        <!-- \/Table footer -->\n    <\/table>\n\n<\/div><style>\ntable.wpDataTable td, table.wpDataTable th { white-space: normal !important; }\ntable.wpDataTable td.numdata { text-align: right !important; }\n<\/style>\n<style>\n<\/style>\n\n\n\n\n<p>Caso o ID do seu pedido n\u00e3o se encontre mencionado, o seu registo j\u00e1 foi efectuado e dever\u00e1 ter recebido um mail autom\u00e1tico com os seus dados de acesso e instru\u00e7\u00f5es de configura\u00e7\u00e3o.<br>Na eventualidade de o seu ID de pedido n\u00e3o se encontrar listado, poder\u00e1 desde j\u00e1 proceder \u00e0 configura\u00e7\u00e3o do seu acesso, seguindo as instru\u00e7\u00f5es que se encontram <a href=\"https:\/\/mobilityservices.pt\/acesso-com-dispositivos-moveis\/\">aqui<\/a>.<br>Caso n\u00e3o consiga efectuar a configura\u00e7\u00e3o, queira entrar em contacto connosco para info@mobilityservices.pt, ou atrav\u00e9s da funcionalidade de chat online.<\/p>\n\n\n\n<p>Pretende efectuar novo pedido? <a href=\"https:\/\/mobilityservices.pt\/registo-esc\/\" data-type=\"page\" data-id=\"12482\"><strong>Carregue aqui<\/strong><\/a>.<\/p>\n","protected":false},"excerpt":{"rendered":"<p>Verifique se o registo que solicitou, ainda se encontra pendente de cria\u00e7\u00e3o, consultando a tabela abaixo. Caso o ID do seu pedido n\u00e3o se encontre mencionado, o seu registo j\u00e1 foi efectuado e dever\u00e1 ter recebido um mail autom\u00e1tico com os seus dados de acesso e instru\u00e7\u00f5es de configura\u00e7\u00e3o.Na eventualidade de o seu ID de &hellip; <a href=\"https:\/\/mobilityservices.pt\/en\/registos-pendentes-de-criacao\/\" class=\"more-link\">Continue reading<span class=\"screen-reader-text\"> &#8220;Registos pendentes de cria\u00e7\u00e3o&#8221;<\/span><\/a><\/p>","protected":false},"author":1,"featured_media":0,"parent":0,"menu_order":0,"comment_status":"closed","ping_status":"closed","template":"","meta":{"_glsr_average":0,"_glsr_ranking":0,"_glsr_reviews":0,"footnotes":""},"class_list":["post-12844","page","type-page","status-publish","hentry"],"_links":{"self":[{"href":"https:\/\/mobilityservices.pt\/en\/wp-json\/wp\/v2\/pages\/12844","targetHints":{"allow":["GET"]}}],"collection":[{"href":"https:\/\/mobilityservices.pt\/en\/wp-json\/wp\/v2\/pages"}],"about":[{"href":"https:\/\/mobilityservices.pt\/en\/wp-json\/wp\/v2\/types\/page"}],"author":[{"embeddable":true,"href":"https:\/\/mobilityservices.pt\/en\/wp-json\/wp\/v2\/users\/1"}],"replies":[{"embeddable":true,"href":"https:\/\/mobilityservices.pt\/en\/wp-json\/wp\/v2\/comments?post=12844"}],"version-history":[{"count":9,"href":"https:\/\/mobilityservices.pt\/en\/wp-json\/wp\/v2\/pages\/12844\/revisions"}],"predecessor-version":[{"id":13449,"href":"https:\/\/mobilityservices.pt\/en\/wp-json\/wp\/v2\/pages\/12844\/revisions\/13449"}],"wp:attachment":[{"href":"https:\/\/mobilityservices.pt\/en\/wp-json\/wp\/v2\/media?parent=12844"}],"curies":[{"name":"wp","href":"https:\/\/api.w.org\/{rel}","templated":true}]}}