{"id":12482,"date":"2024-04-30T08:07:35","date_gmt":"2024-04-30T08:07:35","guid":{"rendered":"https:\/\/mobilityservices.pt\/?page_id=12482"},"modified":"2024-06-09T09:52:28","modified_gmt":"2024-06-09T09:52:28","slug":"registo-esc","status":"publish","type":"page","link":"https:\/\/mobilityservices.pt\/en\/registo-esc\/","title":{"rendered":"Novo registo Entrematic Smart Connect"},"content":{"rendered":"\n<p>Caso pretenda aceder ao interior do estacionamento utilizando o seu telem\u00f3vel, dever\u00e1 preencher o seguinte formul\u00e1rio.<\/p>\n\n\n\n<p>Dever\u00e1 repetir o processo individualmente para cada utilizador.<br><strong>Cada acesso \u00e9 pessoal e intransmiss\u00edvel, e preferencialmente s\u00f3 dever\u00e1 ser utilizado num \u00fanico equipamento.<\/strong><\/p>\n\n\n<div id=\"quform-d22518\" class=\"quform quform-5 quform-support-page-caching quform-is-first-page\"><form id=\"quform-form-d22518\" class=\"quform-form quform-form-5\" action=\"\/en\/wp-json\/wp\/v2\/pages\/12482#quform-d22518\" method=\"post\" enctype=\"multipart\/form-data\" novalidate=\"novalidate\" data-options=\"{&quot;id&quot;:5,&quot;uniqueId&quot;:&quot;d22518&quot;,&quot;theme&quot;:&quot;&quot;,&quot;ajax&quot;:true,&quot;logic&quot;:{&quot;logic&quot;:[],&quot;dependents&quot;:[],&quot;elementIds&quot;:[],&quot;dependentElementIds&quot;:[],&quot;animate&quot;:true},&quot;currentPageId&quot;:13,&quot;errorsIcon&quot;:&quot;&quot;,&quot;updateFancybox&quot;:true,&quot;hasPages&quot;:true,&quot;pages&quot;:[13,1,8],&quot;pageProgressType&quot;:&quot;&quot;,&quot;tooltipsEnabled&quot;:true,&quot;tooltipClasses&quot;:&quot;qtip-quform-dark qtip-shadow&quot;,&quot;tooltipMy&quot;:&quot;left center&quot;,&quot;tooltipAt&quot;:&quot;right center&quot;,&quot;isRtl&quot;:false,&quot;scrollOffset&quot;:-50,&quot;scrollSpeed&quot;:800}\"><button class=\"quform-default-submit\" name=\"quform_submit\" type=\"submit\" value=\"submit\" aria-hidden=\"true\" tabindex=\"-1\"><\/button><div class=\"quform-form-inner quform-form-inner-5\"><input type=\"hidden\" name=\"quform_form_id\" value=\"5\" \/><input type=\"hidden\" name=\"quform_form_uid\" value=\"d22518\" \/><input type=\"hidden\" name=\"quform_count\" value=\"1\" \/><input type=\"hidden\" name=\"form_url\" value=\"https:\/\/mobilityservices.pt\/en\/wp-json\/wp\/v2\/pages\/12482\" \/><input type=\"hidden\" name=\"referring_url\" value=\"\" \/><input type=\"hidden\" name=\"post_id\" value=\"\" \/><input type=\"hidden\" name=\"post_title\" value=\"\" \/><input type=\"hidden\" name=\"quform_current_page_id\" value=\"13\" \/><input type=\"hidden\" name=\"quform_csrf_token\" value=\"fWhysYPImhu9OV87BXn8bXD9U4RBSc7JJdXDjmKr\" \/><div class=\"quform-elements quform-elements-5 quform-cf quform-responsive-elements-phone-landscape\"><div class=\"quform-element quform-element-page quform-page-13 quform-page-5_13 quform-cf quform-group-style-plain quform-first-page quform-current-page\"><div class=\"quform-child-elements\"><div class=\"quform-element quform-element-select quform-element-5_16 quform-cf quform-element-required\"><div class=\"quform-spacer\"><div class=\"quform-label quform-label-5_16\"><label class=\"quform-label-text\" for=\"quform_5_16_d22518\">Estacionamento<span class=\"quform-required\">*<\/span><\/label><\/div><div class=\"quform-inner quform-inner-select quform-inner-5_16\"><div class=\"quform-input quform-input-select quform-input-5_16 quform-cf\"><select id=\"quform_5_16_d22518\" name=\"quform_5_16\" class=\"quform-field quform-field-select quform-field-5_16\"><option value=\"\" selected=\"selected\">Seleccione o parque de estacionamento<\/option><option value=\"Amadora - Edif\u00edcio Jardim\">Amadora - Edif\u00edcio Jardim<\/option><option value=\"Queluz - Estrada \u00c1guas Livres\">Queluz - Estrada \u00c1guas Livres<\/option><\/select><\/div><\/div><\/div><\/div><input type=\"hidden\" name=\"quform_5_19\" class=\"quform-field quform-field-hidden quform-field-5_19\" data-default=\"69e68c82c14a3\" value=\"69e68c82c14a3\" \/><div class=\"quform-element quform-element-submit quform-element-5_14 quform-cf quform-button-style-theme\"><div class=\"quform-button-next quform-button-next-default quform-button-next-5_14\"><button name=\"quform_submit\" type=\"submit\" class=\"quform-next\" value=\"submit\"><span class=\"quform-button-text quform-button-next-text\">Seguinte<\/span><\/button><\/div><div class=\"quform-loading quform-loading-position-left quform-loading-type-spinner-1\"><div class=\"quform-loading-inner\"><div class=\"quform-loading-spinner\"><div class=\"quform-loading-spinner-inner\"><\/div><\/div><\/div><\/div><\/div><\/div><\/div><div class=\"quform-element quform-element-page quform-page-1 quform-page-5_1 quform-cf quform-group-style-plain\"><div class=\"quform-page-title-description\"><h1 class=\"quform-page-title\">Titular do lugar de estacionamento<\/h1><\/div><div class=\"quform-child-elements\"><div class=\"quform-element quform-element-text quform-element-5_5 quform-cf quform-element-required\"><div class=\"quform-spacer\"><div class=\"quform-label quform-label-5_5\"><label class=\"quform-label-text\" for=\"quform_5_5_d22518\">Nome do Titular<span class=\"quform-required\">*<\/span><\/label><\/div><div class=\"quform-inner quform-inner-text quform-inner-5_5\"><div class=\"quform-input quform-input-text quform-input-5_5 quform-cf\"><input type=\"text\" id=\"quform_5_5_d22518\" name=\"quform_5_5\" class=\"quform-field quform-field-text quform-field-5_5\" \/><\/div><p class=\"quform-description quform-description-below\">Nome \/ Designa\u00e7\u00e3o Social do titular do(s) lugar(es) de estacionamento<\/p><\/div><\/div><\/div><div class=\"quform-element quform-element-text quform-element-5_6 quform-cf quform-element-required\"><div class=\"quform-spacer\"><div class=\"quform-label quform-label-5_6\"><label class=\"quform-label-text\" for=\"quform_5_6_d22518\">NIF<span class=\"quform-required\">*<\/span><\/label><\/div><div class=\"quform-inner quform-inner-text quform-inner-5_6\"><div class=\"quform-input quform-input-text quform-input-5_6 quform-cf\"><input type=\"text\" id=\"quform_5_6_d22518\" name=\"quform_5_6\" class=\"quform-field quform-field-text quform-field-5_6\" \/><\/div><p class=\"quform-description quform-description-below\">N\u00famero de Identifica\u00e7\u00e3o Fiscal do titular do(s) lugar(es) de estacionamento.\nCaso o n\u00famero fornecido n\u00e3o seja reconhecido nos nossos registos, o pedido de cria\u00e7\u00e3o de utilizador \u00e9 cancelado.<\/p><\/div><\/div><\/div><div class=\"quform-element quform-element-submit quform-element-5_2 quform-cf quform-button-style-theme\"><div class=\"quform-button-back quform-button-back-default quform-button-back-5_2\"><button name=\"quform_submit\" type=\"submit\" class=\"quform-back\" value=\"back\"><span class=\"quform-button-text quform-button-back-text\">Anterior<\/span><\/button><\/div><div class=\"quform-button-next quform-button-next-default quform-button-next-5_2\"><button name=\"quform_submit\" type=\"submit\" class=\"quform-next\" value=\"submit\"><span class=\"quform-button-text quform-button-next-text\">Seguinte<\/span><\/button><\/div><div class=\"quform-loading quform-loading-position-left quform-loading-type-spinner-1\"><div class=\"quform-loading-inner\"><div class=\"quform-loading-spinner\"><div class=\"quform-loading-spinner-inner\"><\/div><\/div><\/div><\/div><\/div><\/div><\/div><div class=\"quform-element quform-element-page quform-page-8 quform-page-5_8 quform-cf quform-group-style-plain quform-last-page\"><div class=\"quform-page-title-description\"><h1 class=\"quform-page-title\">Utilizador do lugar de estacionamento<\/h1><\/div><div class=\"quform-child-elements\"><div class=\"quform-element quform-element-text quform-element-5_10 quform-cf quform-element-required\"><div class=\"quform-spacer\"><div class=\"quform-label quform-label-5_10\"><label class=\"quform-label-text\" for=\"quform_5_10_d22518\">Nome do utilizador<span class=\"quform-required\">*<\/span><\/label><\/div><div class=\"quform-inner quform-inner-text quform-inner-5_10\"><div class=\"quform-input quform-input-text quform-input-5_10 quform-cf\"><input type=\"text\" id=\"quform_5_10_d22518\" name=\"quform_5_10\" class=\"quform-field quform-field-text quform-field-5_10\" \/><\/div><p class=\"quform-description quform-description-below\">Quem ir\u00e1 utilizar o acesso a ser criado<\/p><\/div><\/div><\/div><div class=\"quform-element quform-element-text quform-element-5_11 quform-cf quform-element-required\"><div class=\"quform-spacer\"><div class=\"quform-label quform-label-5_11\"><label class=\"quform-label-text\" for=\"quform_5_11_d22518\">Nome de utilizador pretendido para inicio de sess\u00e3o (User Login)<span class=\"quform-required\">*<\/span><\/label><\/div><div class=\"quform-inner quform-inner-text quform-inner-5_11\"><div class=\"quform-input quform-input-text quform-input-5_11 quform-cf\"><input type=\"text\" id=\"quform_5_11_d22518\" name=\"quform_5_11\" class=\"quform-field quform-field-text quform-field-5_11\" maxlength=\"10\" \/><\/div><p class=\"quform-description quform-description-below\">Username pretendido para in\u00edcio de sess\u00e3o.\nUtilize apenas letras min\u00fasculas, e sem espa\u00e7os.\nM\u00e1ximo de 10 caracteres.<\/p><\/div><\/div><\/div><input type=\"hidden\" name=\"quform_5_25\" class=\"quform-field quform-field-hidden quform-field-5_25\" data-default=\"69e68c82c2761\" value=\"69e68c82c2761\" \/><div class=\"quform-element quform-element-email quform-element-5_12 quform-cf quform-element-required\"><div class=\"quform-spacer\"><div class=\"quform-label quform-label-5_12\"><label class=\"quform-label-text\" for=\"quform_5_12_d22518\">Endere\u00e7o de correio electr\u00f3nico<span class=\"quform-required\">*<\/span><\/label><\/div><div class=\"quform-inner quform-inner-email quform-inner-5_12\"><div class=\"quform-input quform-input-email quform-input-5_12 quform-cf\"><input type=\"email\" id=\"quform_5_12_d22518\" name=\"quform_5_12\" class=\"quform-field quform-field-email quform-field-5_12\" \/><\/div><p class=\"quform-description quform-description-below\">Endere\u00e7o de correio electr\u00f3nico que receber\u00e1 todas as comunica\u00e7\u00f5es relacionadas com o sistema de abertura via telem\u00f3vel<\/p><\/div><\/div><\/div><div class=\"quform-element quform-element-submit quform-element-5_9 quform-cf quform-button-style-theme\"><div class=\"quform-button-back quform-button-back-default quform-button-back-5_9\"><button name=\"quform_submit\" type=\"submit\" class=\"quform-back\" value=\"back\"><span class=\"quform-button-text quform-button-back-text\">Anterior<\/span><\/button><\/div><div class=\"quform-button-submit quform-button-submit-default quform-button-submit-5_9\"><button name=\"quform_submit\" type=\"submit\" class=\"quform-submit\" value=\"submit\"><span class=\"quform-button-text quform-button-submit-text\">Submeter<\/span><\/button><\/div><div class=\"quform-loading quform-loading-position-left quform-loading-type-spinner-1\"><div class=\"quform-loading-inner\"><div class=\"quform-loading-spinner\"><div class=\"quform-loading-spinner-inner\"><\/div><\/div><\/div><\/div><\/div><div class=\"quform-element-tree\"><label for=\"quform_5_0_d22518\">This field should be left blank<\/label><input type=\"text\" id=\"quform_5_0_d22518\" name=\"quform_5_0\" class=\"quform-field quform-field-tree quform-field-5_0\" tabindex=\"-1\" autocomplete=\"off\" \/><\/div><\/div><\/div><\/div><\/div><\/form><\/div>\n\n\n\n<p>Caso pretenda verificar se um pedido anteriormente efectuado j\u00e1 se encontra processado, <a href=\"https:\/\/mobilityservices.pt\/registos-pendentes-de-criacao\/\" data-type=\"page\" data-id=\"12844\"><strong>carregue aqui<\/strong><\/a>.<\/p>\n","protected":false},"excerpt":{"rendered":"<p>Caso pretenda aceder ao interior do estacionamento utilizando o seu telem\u00f3vel, dever\u00e1 preencher o seguinte formul\u00e1rio. Dever\u00e1 repetir o processo individualmente para cada utilizador.Cada acesso \u00e9 pessoal e intransmiss\u00edvel, e preferencialmente s\u00f3 dever\u00e1 ser utilizado num \u00fanico equipamento. Caso pretenda verificar se um pedido anteriormente efectuado j\u00e1 se encontra processado, carregue aqui.<\/p>","protected":false},"author":1,"featured_media":0,"parent":0,"menu_order":0,"comment_status":"closed","ping_status":"closed","template":"","meta":{"_glsr_average":0,"_glsr_ranking":0,"_glsr_reviews":0,"footnotes":""},"class_list":["post-12482","page","type-page","status-publish","hentry"],"_links":{"self":[{"href":"https:\/\/mobilityservices.pt\/en\/wp-json\/wp\/v2\/pages\/12482","targetHints":{"allow":["GET"]}}],"collection":[{"href":"https:\/\/mobilityservices.pt\/en\/wp-json\/wp\/v2\/pages"}],"about":[{"href":"https:\/\/mobilityservices.pt\/en\/wp-json\/wp\/v2\/types\/page"}],"author":[{"embeddable":true,"href":"https:\/\/mobilityservices.pt\/en\/wp-json\/wp\/v2\/users\/1"}],"replies":[{"embeddable":true,"href":"https:\/\/mobilityservices.pt\/en\/wp-json\/wp\/v2\/comments?post=12482"}],"version-history":[{"count":8,"href":"https:\/\/mobilityservices.pt\/en\/wp-json\/wp\/v2\/pages\/12482\/revisions"}],"predecessor-version":[{"id":12851,"href":"https:\/\/mobilityservices.pt\/en\/wp-json\/wp\/v2\/pages\/12482\/revisions\/12851"}],"wp:attachment":[{"href":"https:\/\/mobilityservices.pt\/en\/wp-json\/wp\/v2\/media?parent=12482"}],"curies":[{"name":"wp","href":"https:\/\/api.w.org\/{rel}","templated":true}]}}