{"id":12442,"date":"2024-04-20T11:54:33","date_gmt":"2024-04-20T11:54:33","guid":{"rendered":"https:\/\/mobilityservices.pt\/reserva-de-estacionamento-2\/"},"modified":"2024-04-20T12:08:37","modified_gmt":"2024-04-20T12:08:37","slug":"reserva-de-estacionamento-2","status":"publish","type":"page","link":"https:\/\/mobilityservices.pt\/en\/reserva-de-estacionamento-2\/","title":{"rendered":"Reserva de estacionamento"},"content":{"rendered":"<section class=\"u-align-left u-clearfix u-image u-shading u-section-2\" src=\"\" data-image-width=\"1280\" data-image-height=\"853\" id=\"sec-a4b0\" style=\"background-image: linear-gradient(0deg, rgba(0, 0, 0, 0.4), rgba(0, 0, 0, 0.4)), url(&quot;https:\/\/mobilityservices.pt\/wp-content\/uploads\/2024\/04\/6423f7baf17720a88cb20067fd90d3cfd3491d3c448608a7dbf9f2cb533411f156e65c40aea886bc289d018255a6c4589071b6e858704e1d552c9c_1280-3.jpg&quot;);\">\n      <div class=\"u-clearfix u-sheet u-valign-middle u-sheet-1\">\n        <h1 class=\"u-text u-text-default u-title u-text-1\">Reserva de estacionamento<\/h1>\n        <p class=\"u-large-text u-text u-text-variant u-text-2\">Sempre que precise, temos lugar para a sua viatura<\/p>\n      <\/div>\n    <\/section>\n    <section class=\"u-clearfix u-section-3\" id=\"sec-5852\">\n      <div class=\"u-clearfix u-sheet u-sheet-1\">\n        <p class=\"u-align-center u-text u-text-default u-text-1\">Poder\u00e1 efectuar o seu pedido de reserva ou consulta de disponibilidade, atrav\u00e9s do bot\u00e3o abaixo.<\/p>\n        <a href=\"https:\/\/www.parkgest.pt\/estacionar\/\" class=\"u-active-none u-btn u-button-style u-hover-none u-none u-text-black u-text-hover-palette-2-base u-btn-1\"><span class=\"u-icon u-icon-1\"><svg class=\"u-svg-content\" viewbox=\"0 0 50 50\" x=\"0px\" y=\"0px\" style=\"width: 1em; height: 1em;\"><circle style=\"fill:#25AE88;\" cx=\"25\" cy=\"25\" r=\"25\"><\/circle><polyline style=\"fill:none;stroke:#FFFFFF;stroke-width:2;stroke-linecap:round;stroke-linejoin:round;stroke-miterlimit:10;\" points=\"\t38,15 22,33 12,25 \"><\/polyline><\/svg><\/span>Reservar\n        <\/a>\n      <\/div>\n    <\/section>","protected":false},"excerpt":{"rendered":"<p>Reserva de estacionamento Sempre que precise, temos lugar para a sua viatura Poder\u00e1 efectuar o seu pedido de reserva ou consulta de disponibilidade, atrav\u00e9s do bot\u00e3o abaixo. Reservar<\/p>","protected":false},"author":1,"featured_media":0,"parent":0,"menu_order":14,"comment_status":"closed","ping_status":"closed","template":"","meta":{"_glsr_average":0,"_glsr_ranking":0,"_glsr_reviews":0,"footnotes":""},"class_list":["post-12442","page","type-page","status-publish","hentry"],"_links":{"self":[{"href":"https:\/\/mobilityservices.pt\/en\/wp-json\/wp\/v2\/pages\/12442","targetHints":{"allow":["GET"]}}],"collection":[{"href":"https:\/\/mobilityservices.pt\/en\/wp-json\/wp\/v2\/pages"}],"about":[{"href":"https:\/\/mobilityservices.pt\/en\/wp-json\/wp\/v2\/types\/page"}],"author":[{"embeddable":true,"href":"https:\/\/mobilityservices.pt\/en\/wp-json\/wp\/v2\/users\/1"}],"replies":[{"embeddable":true,"href":"https:\/\/mobilityservices.pt\/en\/wp-json\/wp\/v2\/comments?post=12442"}],"version-history":[{"count":2,"href":"https:\/\/mobilityservices.pt\/en\/wp-json\/wp\/v2\/pages\/12442\/revisions"}],"predecessor-version":[{"id":12476,"href":"https:\/\/mobilityservices.pt\/en\/wp-json\/wp\/v2\/pages\/12442\/revisions\/12476"}],"wp:attachment":[{"href":"https:\/\/mobilityservices.pt\/en\/wp-json\/wp\/v2\/media?parent=12442"}],"curies":[{"name":"wp","href":"https:\/\/api.w.org\/{rel}","templated":true}]}}