{"id":12441,"date":"2024-04-20T11:54:32","date_gmt":"2024-04-20T11:54:32","guid":{"rendered":"https:\/\/mobilityservices.pt\/sobre-nos\/"},"modified":"2024-04-20T11:54:37","modified_gmt":"2024-04-20T11:54:37","slug":"sobre-nos","status":"publish","type":"page","link":"https:\/\/mobilityservices.pt\/en\/sobre-nos\/","title":{"rendered":"Sobre N\u00f3s"},"content":{"rendered":"<section class=\"u-align-left u-clearfix u-image u-shading u-section-1\" src=\"\" data-image-width=\"1280\" data-image-height=\"856\" id=\"sec-19b6\" style=\"background-image: linear-gradient(0deg, rgba(0, 0, 0, 0.4), rgba(0, 0, 0, 0.4)), url(&quot;https:\/\/mobilityservices.pt\/wp-content\/uploads\/2024\/04\/0a8bc76eb7937744979be193ff477b8372906a6961d82f52faf78ccc8341b5305ffe5d891a4bb17790c9642fb95155c07c56c94b26d00adb321af4_1280-3.jpg&quot;);\">\n      <div class=\"u-clearfix u-sheet u-sheet-1\">\n        <h1 class=\"u-text u-text-default u-title u-text-1\">Sobre n\u00f3s<\/h1>\n        <p class=\"u-large-text u-text u-text-variant u-text-2\">A hist\u00f3ria sobre a nossa empresa come\u00e7ou em 2012, e desde ent\u00e3o que queremos que tamb\u00e9m fa\u00e7a parte dela<\/p>\n      <\/div>\n    <\/section>\n    <section class=\"u-align-center u-clearfix u-section-2\" id=\"sec-e018\">\n      <div class=\"u-clearfix u-sheet u-sheet-1\">\n        <h1 class=\"u-text u-text-default u-text-1\">Um pouco da nossa hist\u00f3ria<\/h1>\n        <p class=\"u-align-justify u-text u-text-2\"> Come\u00e7\u00e1mos em 2012 no ramo autom\u00f3vel, no que diz respeito a prepara\u00e7\u00e3o e limpeza de viaturas, atrav\u00e9s de meios ecol\u00f3gicos. Nascia a Sem\u00c1gua.<br>Nesta fase, sempre nas instala\u00e7\u00f5es do cliente.<br>\n          <br>Em 2015, abrimos o nosso primeiro espa\u00e7o f\u00edsico, onde al\u00e9m da vertente de limpeza e prepara\u00e7\u00e3o de viaturas, foi adicionada a val\u00eanica de estacionamento.<br>\n          <br>Em 2018 inici\u00e1mos a colabora\u00e7\u00e3o com uma marca autom\u00f3vel de renome, sendo respons\u00e1veis pela prepara\u00e7\u00e3o e limpeza de viaturas, em eventos de apresenta\u00e7\u00e3o ou promo\u00e7\u00e3o, quer para equipas internas, quer para entidades externas.<br>\n          <br>No final de 2018, decidimos criar a marca Parkgest, que passaria a partir de ent\u00e3o a ser a imagem das solu\u00e7\u00f5es de estacionamento.<br>\n          <br>No in\u00edcio de 2020, juntamente com a pandemia Covid-19, fomos \"obrigados\" a adicionar um novo servi\u00e7o ao portf\u00f3lio. As desinfec\u00e7\u00f5es com ozono.<br>Pass\u00e1mos a comercializar geradores de ozono, e a efectuar servi\u00e7os de desinfec\u00e7\u00e3o, quer em espa\u00e7os residenciais e comerciais, quer em viaturas. Em simult\u00e2neo nasce a Zero V\u00edrus.<br>\n          <br>Em 2021 volt\u00e1mos a crescer, abrindo o nosso segundo espa\u00e7o, com caracter\u00edsticas semelhantes ao anterior, mantendo assim as val\u00eancias de estacionamento e limpeza de viaturas, passando assim a dispor&nbsp;de mais de 150 lugares para estacionamento de viaturas ligeiras e motociclos, numa das zonas com maior densidade populacional do pa\u00eds.<br>\n          <br>No in\u00edcio de 2022, cri\u00e1mos a Leaf Wash, uma nova marca destinada \u00e0 limpeza autom\u00f3vel.<br>\n          <br>Em 2022, fruto da experi\u00eancia adquirida ao longo dos \u00faltimos anos no que diz respeito a condu\u00e7\u00e3o e total aus\u00eancia de acidentes, decidimos acrescentar mais um servi\u00e7o aos j\u00e1 prestados anteriormente, passando agora tamb\u00e9m a proporcionar transportes personalizados e individuais de passageiros. Nasce assim a White Travel.<br>Investimos, e aument\u00e1mos a frota e a equipa, estando esta sujeita a ac\u00e7\u00f5es de forma\u00e7\u00e3o regulares, de forma a estarmos sempre actualizados e poder prestar o melhor servi\u00e7o de transporte aos nossos clientes.<br>\n          <br>Em 2023, celebr\u00e1mos uma parceria com a <a href=\"https:\/\/www.26thgarage.pt\" class=\"u-active-none u-border-none u-btn u-button-link u-button-style u-hover-none u-none u-text-palette-1-base u-btn-1\" target=\"_blank\">26th Garage<\/a>, que passa a ser o fornecedor de excel\u00eancia para as nossas viaturas, no que \u00e0 manuten\u00e7\u00e3o diz respeito.<br>\n          <br>Estamos ao seu dispor atrav\u00e9s de plataformas digitais para transporte ou atrav\u00e9s do nosso website, proporcionando assim um leque alargado de servi\u00e7os para o cliente exigente.<br>\n          <br>Sabemos que \u00e9 de uma enorme responsabilidade proporcionar aos nossos clientes servi\u00e7os de qualidade e excel\u00eancia, mas desde 2012 que aceit\u00e1mos esse desafio.<br>\n          <br>Somos Fragmentazul - Mobility Services, Unipessoal, Lda.\n        <\/p>\n      <\/div>\n    <\/section>","protected":false},"excerpt":{"rendered":"<p>Sobre n\u00f3s A hist\u00f3ria sobre a nossa empresa come\u00e7ou em 2012, e desde ent\u00e3o que queremos que tamb\u00e9m fa\u00e7a parte dela Um pouco da nossa hist\u00f3ria Come\u00e7\u00e1mos em 2012 no ramo autom\u00f3vel, no que diz respeito a prepara\u00e7\u00e3o e limpeza de viaturas, atrav\u00e9s de meios ecol\u00f3gicos. Nascia a Sem\u00c1gua.Nesta fase, sempre nas instala\u00e7\u00f5es do cliente. &hellip; <a href=\"https:\/\/mobilityservices.pt\/en\/sobre-nos\/\" class=\"more-link\">Continue reading<span class=\"screen-reader-text\"> &#8220;Sobre N\u00f3s&#8221;<\/span><\/a><\/p>","protected":false},"author":1,"featured_media":0,"parent":0,"menu_order":13,"comment_status":"closed","ping_status":"closed","template":"","meta":{"_glsr_average":0,"_glsr_ranking":0,"_glsr_reviews":0,"footnotes":""},"class_list":["post-12441","page","type-page","status-publish","hentry"],"_links":{"self":[{"href":"https:\/\/mobilityservices.pt\/en\/wp-json\/wp\/v2\/pages\/12441","targetHints":{"allow":["GET"]}}],"collection":[{"href":"https:\/\/mobilityservices.pt\/en\/wp-json\/wp\/v2\/pages"}],"about":[{"href":"https:\/\/mobilityservices.pt\/en\/wp-json\/wp\/v2\/types\/page"}],"author":[{"embeddable":true,"href":"https:\/\/mobilityservices.pt\/en\/wp-json\/wp\/v2\/users\/1"}],"replies":[{"embeddable":true,"href":"https:\/\/mobilityservices.pt\/en\/wp-json\/wp\/v2\/comments?post=12441"}],"version-history":[{"count":1,"href":"https:\/\/mobilityservices.pt\/en\/wp-json\/wp\/v2\/pages\/12441\/revisions"}],"predecessor-version":[{"id":12457,"href":"https:\/\/mobilityservices.pt\/en\/wp-json\/wp\/v2\/pages\/12441\/revisions\/12457"}],"wp:attachment":[{"href":"https:\/\/mobilityservices.pt\/en\/wp-json\/wp\/v2\/media?parent=12441"}],"curies":[{"name":"wp","href":"https:\/\/api.w.org\/{rel}","templated":true}]}}