{"id":12439,"date":"2024-04-20T11:54:30","date_gmt":"2024-04-20T11:54:30","guid":{"rendered":"https:\/\/mobilityservices.pt\/aviso-legal-2\/"},"modified":"2024-04-20T11:54:37","modified_gmt":"2024-04-20T11:54:37","slug":"aviso-legal-2","status":"publish","type":"page","link":"https:\/\/mobilityservices.pt\/en\/aviso-legal-2\/","title":{"rendered":"Aviso Legal"},"content":{"rendered":"<section class=\"u-align-center u-clearfix u-section-1\" id=\"sec-8104\">\n      <div class=\"u-clearfix u-sheet u-sheet-1\">\n        <h1 class=\"u-text u-text-default u-text-1\" data-lang-pt=\"Aviso legal\" data-lang-en=\"\u200bLegal notice\">Aviso legal<\/h1>\n        <p class=\"u-align-justify u-text u-text-2\" data-lang-pt=\"\u200bO legal propriet\u00e1rio deste s\u00edtio web \u00e9 Fragmentazul - Mobility Services, Unipessoal, Lda. com o N\u00famero de Identifica\u00e7\u00e3o Fiscal PT 510 449 930.<br><br>\u00c9 expressamente proibida a reprodu\u00e7\u00e3o, distribui\u00e7\u00e3o, transforma\u00e7\u00e3o e divulga\u00e7\u00e3o p\u00fablica ou comunica\u00e7\u00e3o p\u00fablica total ou parcial, por qualquer meio ou procedimento, do conte\u00fado desta p\u00e1gina sem a autoriza\u00e7\u00e3o pr\u00e9via e por escrito do seu titular.&amp;nbsp;<br><br>De acordo com a Informa\u00e7\u00e3o constante na Lei 144\/2015 \u2013 &amp;nbsp;Art\u00ba 18\u00ba, n\u00ba 2 de 8 de Setembro de 2015, em caso de lit\u00edgio, poder\u00e1 o cliente recorrer a uma Entidade de Resolu\u00e7\u00e3o Alternativa de Lit\u00edgios (RAL) de consumo.<br>Sem preju\u00edzo do dever de consulta ao Portal do Consumidor (<a href=&quot;http:\/\/www.consumidor.pt\/&quot; class=&quot;u-active-none u-border-none u-btn u-button-style u-hover-none u-none u-text-palette-1-base u-btn-1 u-block-control&quot; style=&quot;background-image: none; padding-top: 0; padding-bottom: 0; padding-left: 0; padding-right: 0&quot; data-block=&quot;122&quot;>www.consumidor.pt<\/a>), poder\u00e1 recorrer ao seguinte RAL:<br><br>&amp;nbsp;- Centro de Arbitragem de Conflitos de Consumo de Lisboa\" data-lang-en=\"\u200b\u200bThe legal owner of this website is Fragmentazul - Mobility Services, Unipessoal, Lda. with Tax Identification Number PT 510 449 930.<br><br>\u200bThe reproduction, distribution, transformation and public disclosure or public communication in whole or in part, by any means or procedure, of the content of this page is expressly prohibited without the prior written authorization of its owner.<br><br>\u200bAccording to the information contained in Law 144\/2015 \u2013 &amp;nbsp;Article 18, no. 2 of September 8, 2015, in the event of a dispute, the customer may resort to a consumer Alternative Dispute Resolution Entity (RAL).<br>Without prejudice to the duty to consult the Consumer Portal (www.consumidor.pt), you may use the following RAL:<br><br>&amp;nbsp;- Centro de Arbitragem de Conflitos de Consumo de Lisboa\"> O legal propriet\u00e1rio deste s\u00edtio web \u00e9 Fragmentazul - Mobility Services, Unipessoal, Lda. com o N\u00famero de Identifica\u00e7\u00e3o Fiscal PT 510 449 930.<br>\n          <br>\u00c9 expressamente proibida a reprodu\u00e7\u00e3o, distribui\u00e7\u00e3o, transforma\u00e7\u00e3o e divulga\u00e7\u00e3o p\u00fablica ou comunica\u00e7\u00e3o p\u00fablica total ou parcial, por qualquer meio ou procedimento, do conte\u00fado desta p\u00e1gina sem a autoriza\u00e7\u00e3o pr\u00e9via e por escrito do seu titular.&nbsp;<br>\n          <br>De acordo com a Informa\u00e7\u00e3o constante na Lei 144\/2015 \u2013 &nbsp;Art\u00ba 18\u00ba, n\u00ba 2 de 8 de Setembro de 2015, em caso de lit\u00edgio, poder\u00e1 o cliente recorrer a uma Entidade de Resolu\u00e7\u00e3o Alternativa de Lit\u00edgios (RAL) de consumo.<br>Sem preju\u00edzo do dever de consulta ao Portal do Consumidor (<a href=\"http:\/\/www.consumidor.pt\/\" class=\"u-active-none u-border-none u-btn u-button-style u-hover-none u-none u-text-palette-1-base u-btn-1\">www.consumidor.pt<\/a>), poder\u00e1 recorrer ao seguinte RAL:<br>\n          <br>&nbsp;- Centro de Arbitragem de Conflitos de Consumo de Lisboa\n        <\/p>\n      <\/div>\n    <\/section>","protected":false},"excerpt":{"rendered":"<p>Aviso legal O legal propriet\u00e1rio deste s\u00edtio web \u00e9 Fragmentazul &#8211; Mobility Services, Unipessoal, Lda. com o N\u00famero de Identifica\u00e7\u00e3o Fiscal PT 510 449 930. \u00c9 expressamente proibida a reprodu\u00e7\u00e3o, distribui\u00e7\u00e3o, transforma\u00e7\u00e3o e divulga\u00e7\u00e3o p\u00fablica ou comunica\u00e7\u00e3o p\u00fablica total ou parcial, por qualquer meio ou procedimento, do conte\u00fado desta p\u00e1gina sem a autoriza\u00e7\u00e3o pr\u00e9via e &hellip; <a href=\"https:\/\/mobilityservices.pt\/en\/aviso-legal-2\/\" class=\"more-link\">Continue reading<span class=\"screen-reader-text\"> &#8220;Aviso Legal&#8221;<\/span><\/a><\/p>","protected":false},"author":1,"featured_media":0,"parent":0,"menu_order":11,"comment_status":"closed","ping_status":"closed","template":"","meta":{"_glsr_average":0,"_glsr_ranking":0,"_glsr_reviews":0,"footnotes":""},"class_list":["post-12439","page","type-page","status-publish","hentry"],"_links":{"self":[{"href":"https:\/\/mobilityservices.pt\/en\/wp-json\/wp\/v2\/pages\/12439","targetHints":{"allow":["GET"]}}],"collection":[{"href":"https:\/\/mobilityservices.pt\/en\/wp-json\/wp\/v2\/pages"}],"about":[{"href":"https:\/\/mobilityservices.pt\/en\/wp-json\/wp\/v2\/types\/page"}],"author":[{"embeddable":true,"href":"https:\/\/mobilityservices.pt\/en\/wp-json\/wp\/v2\/users\/1"}],"replies":[{"embeddable":true,"href":"https:\/\/mobilityservices.pt\/en\/wp-json\/wp\/v2\/comments?post=12439"}],"version-history":[{"count":1,"href":"https:\/\/mobilityservices.pt\/en\/wp-json\/wp\/v2\/pages\/12439\/revisions"}],"predecessor-version":[{"id":12455,"href":"https:\/\/mobilityservices.pt\/en\/wp-json\/wp\/v2\/pages\/12439\/revisions\/12455"}],"wp:attachment":[{"href":"https:\/\/mobilityservices.pt\/en\/wp-json\/wp\/v2\/media?parent=12439"}],"curies":[{"name":"wp","href":"https:\/\/api.w.org\/{rel}","templated":true}]}}