{"id":12431,"date":"2024-04-20T11:54:22","date_gmt":"2024-04-20T11:54:22","guid":{"rendered":"https:\/\/mobilityservices.pt\/renault-zoe\/"},"modified":"2024-07-24T10:27:55","modified_gmt":"2024-07-24T10:27:55","slug":"renault-zoe","status":"publish","type":"page","link":"https:\/\/mobilityservices.pt\/en\/renault-zoe\/","title":{"rendered":"Renault Zoe"},"content":{"rendered":"<section class=\"u-align-left u-clearfix u-image u-shading u-section-2\" src=\"\" data-image-width=\"1024\" data-image-height=\"473\" id=\"sec-a4b0\" style=\"background-image: linear-gradient(0deg, rgba(0, 0, 0, 0.4), rgba(0, 0, 0, 0.4)), url(&quot;https:\/\/mobilityservices.pt\/wp-content\/uploads\/2024\/05\/rsz_20240214_180832.jpg&quot;);\">\n      <div class=\"u-clearfix u-sheet u-sheet-1\">\n        <h1 class=\"u-text u-text-default u-title u-text-1\">Renault Zoe<\/h1>\n        <p class=\"u-large-text u-text u-text-variant u-text-2\">Perfeito para a cidade <\/p>\n      <\/div>\n    <\/section>\n    <section class=\"u-align-center u-clearfix u-section-3\" id=\"sec-1fc9\">\n      <div class=\"u-clearfix u-sheet u-valign-middle u-sheet-1\">\n        <h1 class=\"u-text u-text-default u-text-1\">Em servi\u00e7o desde Novembro 2023<\/h1>\n      <\/div>\n    <\/section>\n    <section class=\"u-clearfix u-section-4\" id=\"sec-6de7\">\n      <div class=\"u-clearfix u-sheet u-sheet-1\">\n        <p class=\"u-custom-font u-font-montserrat u-text u-text-1\"> Dispon\u00edvel em servi\u00e7os contratados atrav\u00e9s da aplica\u00e7\u00e3o Uber. (X \/ Green)<br>Brevemente dispon\u00edvel para reserva directa pelo cliente. \n        <\/p>\n      <\/div>\n    <\/section>","protected":false},"excerpt":{"rendered":"<p>Renault Zoe Perfeito para a cidade Em servi\u00e7o desde Novembro 2023 Dispon\u00edvel em servi\u00e7os contratados atrav\u00e9s da aplica\u00e7\u00e3o Uber. (X \/ Green)Brevemente dispon\u00edvel para reserva directa pelo cliente.<\/p>","protected":false},"author":1,"featured_media":0,"parent":0,"menu_order":3,"comment_status":"closed","ping_status":"closed","template":"","meta":{"_glsr_average":0,"_glsr_ranking":0,"_glsr_reviews":0,"footnotes":""},"class_list":["post-12431","page","type-page","status-publish","hentry"],"_links":{"self":[{"href":"https:\/\/mobilityservices.pt\/en\/wp-json\/wp\/v2\/pages\/12431","targetHints":{"allow":["GET"]}}],"collection":[{"href":"https:\/\/mobilityservices.pt\/en\/wp-json\/wp\/v2\/pages"}],"about":[{"href":"https:\/\/mobilityservices.pt\/en\/wp-json\/wp\/v2\/types\/page"}],"author":[{"embeddable":true,"href":"https:\/\/mobilityservices.pt\/en\/wp-json\/wp\/v2\/users\/1"}],"replies":[{"embeddable":true,"href":"https:\/\/mobilityservices.pt\/en\/wp-json\/wp\/v2\/comments?post=12431"}],"version-history":[{"count":5,"href":"https:\/\/mobilityservices.pt\/en\/wp-json\/wp\/v2\/pages\/12431\/revisions"}],"predecessor-version":[{"id":12992,"href":"https:\/\/mobilityservices.pt\/en\/wp-json\/wp\/v2\/pages\/12431\/revisions\/12992"}],"wp:attachment":[{"href":"https:\/\/mobilityservices.pt\/en\/wp-json\/wp\/v2\/media?parent=12431"}],"curies":[{"name":"wp","href":"https:\/\/api.w.org\/{rel}","templated":true}]}}