{"id":12429,"date":"2024-04-20T11:54:20","date_gmt":"2024-04-20T11:54:20","guid":{"rendered":"https:\/\/mobilityservices.pt\/acesso-dispositivos-moveis\/"},"modified":"2024-08-26T12:31:09","modified_gmt":"2024-08-26T12:31:09","slug":"acesso-dispositivos-moveis","status":"publish","type":"page","link":"https:\/\/mobilityservices.pt\/en\/acesso-dispositivos-moveis\/","title":{"rendered":"Acesso dispositivos m\u00f3veis"},"content":{"rendered":"<section class=\"u-align-left u-clearfix u-image u-shading u-section-2\" src=\"\" data-image-width=\"1280\" data-image-height=\"853\" id=\"sec-a4b0\" style=\"background-image: linear-gradient(0deg, rgba(0, 0, 0, 0.4), rgba(0, 0, 0, 0.4)), url(&quot;https:\/\/mobilityservices.pt\/wp-content\/uploads\/2024\/04\/4288847b71070160dec646b5ddacdc042ecc281cbce6cd7224b4be5a5f5cc4f397a1bb6af2f5db4754e344ab66d03a0e2c0aa8b5904c7a40f4e836_1280-3.jpg&quot;);\">\n      <div class=\"u-clearfix u-sheet u-valign-middle u-sheet-1\">\n        <h1 class=\"u-text u-text-default u-title u-text-1\">Acesso com dispositivos m\u00f3veis<\/h1>\n        <p class=\"u-large-text u-text u-text-variant u-text-2\">Abertura com smartphone do cliente<\/p>\n      <\/div>\n    <\/section>\n    <section class=\"u-align-center u-clearfix u-section-3\" id=\"sec-b1a3\">\n      <div class=\"u-clearfix u-sheet u-sheet-1\">\n        <h1 class=\"u-text u-text-default u-text-1\">Acesso ao estacionamento<\/h1>\n        <p class=\"u-align-justify u-text u-text-2\"> Para clientes com aven\u00e7as mensais, o acesso ao interior dos nossos espa\u00e7os \u00e9 efectuado atrav\u00e9s de comando de acesso, cart\u00e3o RFID ou aplica\u00e7\u00e3o para Smartphone. (Caso n\u00e3o tenha, solicite o acesso atrav\u00e9s do link abaixo)<br>Para clientes com aven\u00e7as de dura\u00e7\u00e3o inferior a 1 m\u00eas, o acesso \u00e9 efectuado exclusivamente atrav\u00e9s da aplica\u00e7\u00e3o para Smartphone ou cart\u00e3o RFID.<br>\n        <\/p>\n        <a href=\"https:\/\/mobilityservices.pt\/en\/registo-esc\/\" class=\"u-active-none u-btn u-button-style u-hover-none u-none u-text-black u-text-hover-palette-2-base u-btn-1\"><span class=\"u-icon u-text-palette-1-base u-icon-1\"><svg class=\"u-svg-content\" viewbox=\"0 0 59.998 59.998\" x=\"0px\" y=\"0px\" style=\"width: 1em; height: 1em;\"><path style=\"fill:#E7ECED;\" d=\"M42.594,58.999H17.404c-1.881,0-3.405-1.525-3.405-3.405V4.404c0-1.881,1.525-3.405,3.405-3.405\th25.189c1.881,0,3.405,1.525,3.405,3.405v51.189C45.999,57.474,44.474,58.999,42.594,58.999z\"><\/path><circle style=\"fill:#FFFFFF;\" cx=\"29.999\" cy=\"53.999\" r=\"3\"><\/circle><path style=\"fill:#424A60;\" d=\"M29.999,4.999h-4c-0.553,0-1-0.447-1-1s0.447-1,1-1h4c0.553,0,1,0.447,1,1S30.552,4.999,29.999,4.999\tz\"><\/path><path style=\"fill:#424A60;\" d=\"M33.999,4.999h-1c-0.553,0-1-0.447-1-1s0.447-1,1-1h1c0.553,0,1,0.447,1,1S34.552,4.999,33.999,4.999\tz\"><\/path><path style=\"fill:#7383BF;\" d=\"M55.904,21.241c-0.256,0-0.512-0.098-0.707-0.293c-0.391-0.391-0.391-1.023,0-1.414\tc3.736-3.736,3.736-9.815,0-13.552c-0.391-0.391-0.391-1.023,0-1.414s1.023-0.391,1.414,0c4.516,4.516,4.516,11.864,0,16.38\tC56.416,21.144,56.16,21.241,55.904,21.241z\"><\/path><path style=\"fill:#7383BF;\" d=\"M51.693,19.241c-0.256,0-0.512-0.098-0.707-0.293c-0.391-0.391-0.391-1.023,0-1.414\tc1.237-1.236,1.918-2.884,1.918-4.638s-0.681-3.401-1.918-4.639c-0.391-0.391-0.391-1.023,0-1.414s1.023-0.391,1.414,0\tc1.615,1.614,2.504,3.765,2.504,6.053s-0.889,4.438-2.504,6.052C52.205,19.144,51.949,19.241,51.693,19.241z\"><\/path><path style=\"fill:#7383BF;\" d=\"M4.094,21.241c-0.256,0-0.512-0.098-0.707-0.293c-4.516-4.516-4.516-11.864,0-16.38\tc0.391-0.391,1.023-0.391,1.414,0s0.391,1.023,0,1.414c-3.736,3.736-3.736,9.815,0,13.552c0.391,0.391,0.391,1.023,0,1.414\tC4.605,21.144,4.35,21.241,4.094,21.241z\"><\/path><path style=\"fill:#7383BF;\" d=\"M8.305,18.966c-0.256,0-0.512-0.098-0.707-0.293c-1.615-1.614-2.504-3.765-2.504-6.053\ts0.889-4.438,2.504-6.052c0.391-0.391,1.023-0.391,1.414,0s0.391,1.023,0,1.414c-1.237,1.236-1.918,2.884-1.918,4.638\ts0.681,3.401,1.918,4.639c0.391,0.391,0.391,1.023,0,1.414C8.816,18.868,8.561,18.966,8.305,18.966z\"><\/path><rect x=\"13.999\" y=\"6.999\" style=\"fill:#424A60;\" width=\"32\" height=\"42\"><\/rect><\/svg><\/span>Solicitar acesso efectuando novo pedido\n        <\/a>\n        <a href=\"https:\/\/mobilityservices.pt\/en\/registos-pendentes-de-criacao\/\" class=\"u-active-none u-btn u-button-style u-hover-none u-none u-text-black u-text-hover-palette-2-base u-btn-2\"><span class=\"u-file-icon u-icon u-icon-2\"><img decoding=\"async\" src=\"https:\/\/mobilityservices.pt\/wp-content\/uploads\/2023\/04\/3281329.png\" alt=\"\"><\/span>Verificar se o pedido j\u00e1 foi processado\n        <\/a>\n      <\/div>\n    <\/section>\n    <section class=\"u-clearfix u-palette-2-dark-1 u-section-4\" id=\"sec-5583\">\n      <div class=\"u-clearfix u-sheet u-valign-middle u-sheet-1\">\n        <h4 class=\"u-text u-text-default u-text-1\"> Alerta Importante<\/h4>\n        <p class=\"u-text u-text-default u-text-2\">Neste momento, o sistema de abertura via telem\u00f3vel do Estacionamento da Estrada das \u00c1guas Livres n\u00e3o se encontra a funcionar correctamente, pelo que poder\u00e3o surgir dificuldades na liga\u00e7\u00e3o ao mesmo.<br>Sendo um sistema alternativo de abertura, recomendamos que sempre que exista dificuldade, utilize o cart\u00e3o de acesso para acesso ao estacionamento.<br>\n          <br>Contamos ter a situa\u00e7\u00e3o resolvida o mais brevemente poss\u00edvel.\n        <\/p>\n      <\/div>\n    <\/section>\n    <section class=\"u-align-center u-clearfix u-section-5\" id=\"carousel_d05e\">\n      <div class=\"u-clearfix u-sheet u-sheet-1\">\n        <h1 class=\"u-text u-text-default u-text-1\">Configura\u00e7\u00e3o de acesso<\/h1>\n        <p class=\"u-align-justify u-text u-text-2\"> Caso ainda n\u00e3o tenha acesso atribuido, dever\u00e1 solicit\u00e1-lo atrav\u00e9s do preenchimento de formul\u00e1rio pr\u00f3prio, dispon\u00edvel a partir do bot\u00e3o acima (\"Solicitar acesso\").<br>Caso pretenda acessos adicionais, o processo \u00e9 o mesmo, sendo que dever\u00e1 tamb\u00e9m adicionar os seus dados, de forma a que possamos adicionar e associar correctamente os utilizadores, \u00e0 aven\u00e7a de estacionamento. \n        <\/p>\n        <p class=\"u-align-justify u-text u-text-3\"> Assim que criarmos o seu utilizador, ir\u00e1 receber um email autom\u00e1tico, com a maioria das instru\u00e7\u00f5es para configurar o seu smartphone.<br>As instru\u00e7\u00f5es de configura\u00e7\u00e3o s\u00e3o descritas mais em detalhe nos passos seguintes. \n        <\/p>\n        <p class=\"u-align-justify u-text u-text-4\"> Dever\u00e1 descarregar e instalar no seu smartphone a aplica\u00e7\u00e3o \"Entrematic Smart Connect\", dispon\u00edvel nas respectivas lojas do seu aparelho.<\/p>\n        <p class=\"u-align-justify u-text u-text-5\"> Ap\u00f3s instala\u00e7\u00e3o, dever\u00e1 seguir os seguintes passos de forma a efectuar uma correcta configura\u00e7\u00e3o:<br>\n          <br>- Seleccionar \"<u>Conectar Smart Connect existente<\/u>\", e introduzir os dados de acesso.<br>\n          <br><b>UDI<\/b>: (fornecido no email autom\u00e1tico) \n        <\/p>\n        <p class=\"u-align-justify u-text u-text-6\"><b>Nome de Utilizador<\/b>: (fornecido no email autom\u00e1tico)<br>\n          <br><b>Palavra Passe<\/b>: por defeito ser\u00e1 o seu N\u00famero de Identifica\u00e7\u00e3o Fiscal, excepto se lhe foi indicado o contr\u00e1rio, no email autom\u00e1tico. \n        <\/p>\n        <p class=\"u-align-justify u-text u-text-7\"> Confirme os dados introduzidos.<br>De seguida, ir\u00e1 tentar estabelecer-se uma liga\u00e7\u00e3o ao sistema. Caso esteja tudo correcto, ir\u00e1 visualizar um \"visto\" verde.<br>\n          <br>A partir de agora, para abrir, basta deslizar o cadeado. \n        <\/p>\n      <\/div>\n    <\/section>\n    <section class=\"u-align-center u-clearfix u-section-6\" id=\"carousel_2c8c\">\n      <div class=\"u-clearfix u-sheet u-valign-middle u-sheet-1\">\n        <h1 class=\"u-text u-text-default u-text-1\">Utiliza\u00e7\u00e3o do sistema em seguran\u00e7a<\/h1>\n        <p class=\"u-align-justify u-text u-text-2\"> Por motivos de seguran\u00e7a, dever\u00e1 alterar a sua palavra passe assim que inicie sess\u00e3o no sistema pela primeira vez.<br>\n          <br>Os dados de acesso s\u00e3o pessoais e intransmiss\u00edveis. Cada utilizador dever\u00e1 utilizar os seus dados de acesso, apenas num \u00fanico equipamento. Se necessitar de acessos adicionais, basta contactar-nos.<br>Caso se encontre privada\/o da utiliza\u00e7\u00e3o do seu smartphone, dever\u00e1 solicitar a suspens\u00e3o tempor\u00e1ria do seu acesso, ou altera\u00e7\u00e3o de dados do mesmo, de forma a evitar acessos indevidos ao interior do estacionamento.<br>Ao utilizar o seu smartphone para acesso ao estacionamento, est\u00e1 a concordar com as regras de utiliza\u00e7\u00e3o do mesmo, e responsabiliza-se por acessos n\u00e3o autorizados que sejam efectuados com os seus dados de acesso.<br>\n          <br><u><b>Todos os acessos ficam registados<\/b><\/u>.&nbsp; \n        <\/p>\n      <\/div>\n    <\/section>","protected":false},"excerpt":{"rendered":"<p>Acesso com dispositivos m\u00f3veis Abertura com smartphone do cliente Acesso ao estacionamento Para clientes com aven\u00e7as mensais, o acesso ao interior dos nossos espa\u00e7os \u00e9 efectuado atrav\u00e9s de comando de acesso, cart\u00e3o RFID ou aplica\u00e7\u00e3o para Smartphone. (Caso n\u00e3o tenha, solicite o acesso atrav\u00e9s do link abaixo)Para clientes com aven\u00e7as de dura\u00e7\u00e3o inferior a 1 &hellip; <a href=\"https:\/\/mobilityservices.pt\/en\/acesso-dispositivos-moveis\/\" class=\"more-link\">Continue reading<span class=\"screen-reader-text\"> &#8220;Acesso dispositivos m\u00f3veis&#8221;<\/span><\/a><\/p>","protected":false},"author":1,"featured_media":0,"parent":0,"menu_order":1,"comment_status":"closed","ping_status":"closed","template":"","meta":{"_glsr_average":0,"_glsr_ranking":0,"_glsr_reviews":0,"footnotes":""},"class_list":["post-12429","page","type-page","status-publish","hentry"],"_links":{"self":[{"href":"https:\/\/mobilityservices.pt\/en\/wp-json\/wp\/v2\/pages\/12429","targetHints":{"allow":["GET"]}}],"collection":[{"href":"https:\/\/mobilityservices.pt\/en\/wp-json\/wp\/v2\/pages"}],"about":[{"href":"https:\/\/mobilityservices.pt\/en\/wp-json\/wp\/v2\/types\/page"}],"author":[{"embeddable":true,"href":"https:\/\/mobilityservices.pt\/en\/wp-json\/wp\/v2\/users\/1"}],"replies":[{"embeddable":true,"href":"https:\/\/mobilityservices.pt\/en\/wp-json\/wp\/v2\/comments?post=12429"}],"version-history":[{"count":10,"href":"https:\/\/mobilityservices.pt\/en\/wp-json\/wp\/v2\/pages\/12429\/revisions"}],"predecessor-version":[{"id":13186,"href":"https:\/\/mobilityservices.pt\/en\/wp-json\/wp\/v2\/pages\/12429\/revisions\/13186"}],"wp:attachment":[{"href":"https:\/\/mobilityservices.pt\/en\/wp-json\/wp\/v2\/media?parent=12429"}],"curies":[{"name":"wp","href":"https:\/\/api.w.org\/{rel}","templated":true}]}}