{"id":12102,"date":"2024-04-12T08:34:32","date_gmt":"2024-04-12T08:34:32","guid":{"rendered":"https:\/\/mobilityservices.pt\/?page_id=12102"},"modified":"2024-04-12T09:05:44","modified_gmt":"2024-04-12T09:05:44","slug":"limpar","status":"publish","type":"page","link":"https:\/\/mobilityservices.pt\/en\/limpar\/","title":{"rendered":"Limpar"},"content":{"rendered":"<section class=\"u-clearfix u-grey-10 u-section-2\" id=\"sec-c433\">\n      <div class=\"u-clearfix u-sheet u-sheet-1\">\n        <div class=\"u-clearfix u-expanded-width-xl u-gutter-8 u-layout-wrap u-layout-wrap-1\">\n          <div class=\"u-gutter-0 u-layout\">\n            <div class=\"u-layout-row\">\n              <div class=\"u-size-30 u-size-60-md\">\n                <div class=\"u-layout-row\">\n                  <div class=\"u-align-left u-container-style u-image u-layout-cell u-left-cell u-size-60 u-image-1\" src=\"\" data-image-width=\"1280\" data-image-height=\"853\" style=\"background-image: url(&quot;https:\/\/mobilityservices.pt\/wp-content\/uploads\/2024\/04\/1970bc07e7b0c1888ce24151f3b871b3cffdbd01d5301013a3e0fbdc6c36819834b691c8155628172566501e63482c28b883d8cbd9ae497c9ac584_1280.jpg&quot;);\">\n                    <div class=\"u-container-layout u-valign-middle u-container-layout-1\" src=\"\"><\/div>\n                  <\/div>\n                <\/div>\n              <\/div>\n              <div class=\"u-size-30 u-size-60-md\">\n                <div class=\"u-layout-col\">\n                  <div class=\"u-align-left u-container-style u-image u-layout-cell u-right-cell u-size-40 u-image-2\" data-image-width=\"1280\" data-image-height=\"853\" style=\"background-image: url(&quot;https:\/\/mobilityservices.pt\/wp-content\/uploads\/2024\/04\/9e85c4deaa01d0994cb0f910dde88c2e59b57682051b03912af4e42c72e7c7f3c93edb22e788bd8a1ebf2e58e77ad85b846222bfdbb07a5f3e62d2_1280.jpg&quot;);\">\n                    <div class=\"u-container-layout u-valign-middle u-container-layout-2\" src=\"\"><\/div>\n                  <\/div>\n                  <div class=\"u-container-style u-layout-cell u-right-cell u-size-20 u-white u-layout-cell-3\" src=\"\">\n                    <div class=\"u-container-layout u-valign-middle-lg u-valign-middle-md u-valign-middle-sm u-valign-middle-xl u-container-layout-3\">\n                      <h2 class=\"u-align-left u-text u-text-default u-text-1\" data-lang-pt=\"Limpeza de Viaturas\" data-lang-en=\"Vehicle Cleaning\" data-lang-es=\"Limpieza de Veh\u00edculos\">Limpeza de Viaturas<\/h2>\n                      <p class=\"u-align-justify u-text u-text-2\" data-lang-pt=\"Neste momento n\u00e3o estamos a aceitar marca\u00e7\u00f5es e efectuar limpezas de viaturas, excepto eventos e\/ou outras situa\u00e7\u00f5es previamente acordadas.<br>\" data-lang-en=\"\u200bWe are currently not accepting appointments or cleaning vehicles, except for events and\/or other previously agreed situations.<br>\" data-lang-es=\"\u200bActualmente no aceptamos citas ni limpieza de veh\u00edculos, excepto para eventos y\/u otras situaciones previamente acordadas.<br>\">Neste momento n\u00e3o estamos a aceitar marca\u00e7\u00f5es e efectuar limpezas de viaturas, excepto eventos e\/ou outras situa\u00e7\u00f5es previamente acordadas.<br>\n                      <\/p>\n                      <a href=\"https:\/\/mobilityservices.pt\/en\/\" class=\"u-border-2 u-border-palette-1-base u-btn u-btn-rectangle u-button-style u-none u-btn-1\" data-lang-pt=\"{&quot;content&quot;:&quot;outros servi\u00e7os&amp;nbsp;&quot;,&quot;href&quot;:&quot;https:\/\/mobilityservices.pt\/&quot;}\" data-lang-en=\"{&quot;content&quot;:&quot;OTHER SERVICES&quot;,&quot;href&quot;:&quot;https:\/\/mobilityservices.pt\/&quot;}\" data-lang-es=\"{&quot;content&quot;:&quot;otros servicios&amp;nbsp;&quot;,&quot;href&quot;:&quot;https:\/\/mobilityservices.pt\/&quot;}\">outros servi\u00e7os&nbsp;<\/a>\n                    <\/div>\n                  <\/div>\n                <\/div>\n              <\/div>\n            <\/div>\n          <\/div>\n        <\/div>\n      <\/div>\n    <\/section>","protected":false},"excerpt":{"rendered":"<p>Limpeza de Viaturas Neste momento n\u00e3o estamos a aceitar marca\u00e7\u00f5es e efectuar limpezas de viaturas, excepto eventos e\/ou outras situa\u00e7\u00f5es previamente acordadas. outros servi\u00e7os&nbsp;<\/p>","protected":false},"author":1,"featured_media":0,"parent":0,"menu_order":0,"comment_status":"closed","ping_status":"closed","template":"","meta":{"_glsr_average":0,"_glsr_ranking":0,"_glsr_reviews":0,"footnotes":""},"class_list":["post-12102","page","type-page","status-publish","hentry"],"_links":{"self":[{"href":"https:\/\/mobilityservices.pt\/en\/wp-json\/wp\/v2\/pages\/12102","targetHints":{"allow":["GET"]}}],"collection":[{"href":"https:\/\/mobilityservices.pt\/en\/wp-json\/wp\/v2\/pages"}],"about":[{"href":"https:\/\/mobilityservices.pt\/en\/wp-json\/wp\/v2\/types\/page"}],"author":[{"embeddable":true,"href":"https:\/\/mobilityservices.pt\/en\/wp-json\/wp\/v2\/users\/1"}],"replies":[{"embeddable":true,"href":"https:\/\/mobilityservices.pt\/en\/wp-json\/wp\/v2\/comments?post=12102"}],"version-history":[{"count":3,"href":"https:\/\/mobilityservices.pt\/en\/wp-json\/wp\/v2\/pages\/12102\/revisions"}],"predecessor-version":[{"id":12107,"href":"https:\/\/mobilityservices.pt\/en\/wp-json\/wp\/v2\/pages\/12102\/revisions\/12107"}],"wp:attachment":[{"href":"https:\/\/mobilityservices.pt\/en\/wp-json\/wp\/v2\/media?parent=12102"}],"curies":[{"name":"wp","href":"https:\/\/api.w.org\/{rel}","templated":true}]}}