{"id":10869,"date":"2023-06-12T18:59:47","date_gmt":"2023-06-12T18:59:47","guid":{"rendered":"https:\/\/mobilityservices.pt\/?page_id=10869"},"modified":"2024-07-26T11:23:46","modified_gmt":"2024-07-26T11:23:46","slug":"dados-bancarios","status":"publish","type":"page","link":"https:\/\/mobilityservices.pt\/en\/dados-bancarios\/","title":{"rendered":"Dados banc\u00e1rios"},"content":{"rendered":"<section class=\"u-clearfix u-section-2\" id=\"sec-be0c\">\n      <div class=\"u-clearfix u-sheet u-sheet-1\">\n        <p class=\"u-text u-text-1\">Estes s\u00e3o os dados banc\u00e1rios que dever\u00e1 considerar, em qualquer pagamento que deseje efectuar<\/p>\n        <h5 class=\"u-text u-text-default u-text-2\"> Designa\u00e7\u00e3o Social da Empresa: Fragmentazul - Mobility Services Unipessoal, Lda.<\/h5>\n        <p class=\"u-text u-text-default u-text-3\">\n          <br>NIB: 0010 0000 49001400001 55<br>IBAN: PT50 0010 0000 49001400001 55<br>SWIFT\/BIC: BBPIPTPL<br>SPIN: 510 449 930&nbsp;<br>MB Way: Brevemente dispon\u00edvel&nbsp;\n        <\/p>\n      <\/div>\n    <\/section>\n    <section class=\"u-clearfix u-section-3\" id=\"sec-71e5\">\n      <div class=\"u-clearfix u-sheet u-sheet-1\"><\/div>\n    <\/section>","protected":false},"excerpt":{"rendered":"<p>Estes s\u00e3o os dados banc\u00e1rios que dever\u00e1 considerar, em qualquer pagamento que deseje efectuar Designa\u00e7\u00e3o Social da Empresa: Fragmentazul &#8211; Mobility Services Unipessoal, Lda. NIB: 0010 0000 49001400001 55IBAN: PT50 0010 0000 49001400001 55SWIFT\/BIC: BBPIPTPLSPIN: 510 449 930&nbsp;MB Way: Brevemente dispon\u00edvel&nbsp;<\/p>","protected":false},"author":1,"featured_media":0,"parent":0,"menu_order":0,"comment_status":"closed","ping_status":"closed","template":"","meta":{"_glsr_average":0,"_glsr_ranking":0,"_glsr_reviews":0,"footnotes":""},"class_list":["post-10869","page","type-page","status-publish","hentry"],"_links":{"self":[{"href":"https:\/\/mobilityservices.pt\/en\/wp-json\/wp\/v2\/pages\/10869","targetHints":{"allow":["GET"]}}],"collection":[{"href":"https:\/\/mobilityservices.pt\/en\/wp-json\/wp\/v2\/pages"}],"about":[{"href":"https:\/\/mobilityservices.pt\/en\/wp-json\/wp\/v2\/types\/page"}],"author":[{"embeddable":true,"href":"https:\/\/mobilityservices.pt\/en\/wp-json\/wp\/v2\/users\/1"}],"replies":[{"embeddable":true,"href":"https:\/\/mobilityservices.pt\/en\/wp-json\/wp\/v2\/comments?post=10869"}],"version-history":[{"count":8,"href":"https:\/\/mobilityservices.pt\/en\/wp-json\/wp\/v2\/pages\/10869\/revisions"}],"predecessor-version":[{"id":13140,"href":"https:\/\/mobilityservices.pt\/en\/wp-json\/wp\/v2\/pages\/10869\/revisions\/13140"}],"wp:attachment":[{"href":"https:\/\/mobilityservices.pt\/en\/wp-json\/wp\/v2\/media?parent=10869"}],"curies":[{"name":"wp","href":"https:\/\/api.w.org\/{rel}","templated":true}]}}