{"id":10683,"date":"2023-05-14T10:55:50","date_gmt":"2023-05-14T10:55:50","guid":{"rendered":"https:\/\/mobilityservices.pt\/contactos\/"},"modified":"2023-09-04T11:55:13","modified_gmt":"2023-09-04T11:55:13","slug":"contactos","status":"publish","type":"page","link":"https:\/\/mobilityservices.pt\/en\/contactos\/","title":{"rendered":"Contacts"},"content":{"rendered":"<section class=\"u-clearfix u-section-2\" id=\"sec-87df\">\n      <div class=\"u-clearfix u-sheet u-valign-middle u-sheet-1\">\n        <h1 class=\"u-custom-font u-font-montserrat u-text u-text-default u-text-1\">Where we are<\/h1>\n      <\/div>\n    <\/section>\n    <section class=\"u-clearfix u-section-3\" id=\"carousel_e4ed\">\n      <div class=\"u-clearfix u-sheet u-sheet-1\">\n        <div class=\"u-container-style u-expanded-width u-group u-palette-1-base u-group-1\">\n          <div class=\"u-container-layout u-container-layout-1\">\n            <div class=\"u-absolute-hcenter u-expanded u-grey-10 u-map\">\n              <div class=\"embed-responsive\">\n                <iframe frameborder=\"0\" class=\"embed-responsive-item map-content\" data-map=\"JTdCJTIycG9zaXRpb25UeXBlJTIyJTNBJTIybWFwLXBvaW50JTIyJTJDJTIyYWRkcmVzcyUyMiUzQSUyMlJ1YSUyMERpb2dvJTIwQmVybmFyZGVzJTJDJTIwNDEtRSU1Q24yNzAwLTIzNyUyMEFtYWRvcmElMjIlMkMlMjJ6b29tJTIyJTNBMTYlMkMlMjJ0eXBlSWQlMjIlM0ElMjJzYXRlbGxpdGUlMjIlMkMlMjJsYW5nJTIyJTNBbnVsbCUyQyUyMmFwaUtleSUyMiUzQSUyMkFJemFTeUEycE1vOG5acGZPUER4aGNwMElZamhmZ2VndmFYWVQySSUyMiUyQyUyMm1hcmtlcnMlMjIlM0ElNUIlN0IlMjJwb3NpdGlvbiUyMiUzQSU3QiUyMmxhdCUyMiUzQTM4Ljc1ODMxMDIyNzUzNzk5JTJDJTIybG5nJTIyJTNBLTkuMjM5NjU2MTgwMTQzMzU2JTdEJTJDJTIydGl0bGUlMjIlM0ElMjIlMjIlMkMlMjJkZXNjcmlwdGlvbiUyMiUzQSUyMiUyMiUyQyUyMmxpbmtVcmwlMjIlM0ElMjIlMjIlMkMlMjJsaW5rQ2FwdGlvbiUyMiUzQSUyMiUyMiUyQyUyMnpvb20lMjIlM0ExNyU3RCU1RCU3RA==\"><\/iframe>\n                <script>window.loadMapsContent && loadMapsContent();<\/script>\n              <\/div>\n            <\/div>\n            <div class=\"u-align-left u-black u-container-style u-group u-group-2\">\n              <div class=\"u-container-layout u-container-layout-2\">\n                <h2 class=\"u-text u-text-1\">Amadora<\/h2>\n                <p class=\"u-text u-text-2\">Rua Diogo Bernardes, 41-E<br>2700-237 Amadora \n                <\/p>\n              <\/div>\n            <\/div>\n          <\/div>\n        <\/div>\n      <\/div>\n    <\/section>\n    <section class=\"u-clearfix u-section-4\" id=\"sec-e4aa\">\n      <div class=\"u-clearfix u-sheet u-sheet-1\"><\/div>\n    <\/section>\n    <section class=\"u-clearfix u-section-5\" id=\"sec-5a0d\">\n      <div class=\"u-clearfix u-sheet u-sheet-1\">\n        <div class=\"u-container-style u-expanded-width u-group u-palette-1-base u-group-1\">\n          <div class=\"u-container-layout u-container-layout-1\">\n            <div class=\"u-absolute-hcenter u-expanded u-grey-10 u-map\">\n              <div class=\"embed-responsive\">\n                <iframe frameborder=\"0\" class=\"embed-responsive-item map-content\" data-map=\"JTdCJTIycG9zaXRpb25UeXBlJTIyJTNBJTIybWFwLXBvaW50JTIyJTJDJTIyYWRkcmVzcyUyMiUzQSUyMlBhcnF1ZSUyMGRlJTIwZXN0YWNpb25hbWVudG8lMjAlMjAyNGglMkZkaWElMjIlMkMlMjJ6b29tJTIyJTNBMTYlMkMlMjJ0eXBlSWQlMjIlM0ElMjJzYXRlbGxpdGUlMjIlMkMlMjJsYW5nJTIyJTNBbnVsbCUyQyUyMmFwaUtleSUyMiUzQSUyMkFJemFTeUEycE1vOG5acGZPUER4aGNwMElZamhmZ2VndmFYWVQySSUyMiUyQyUyMm1hcmtlcnMlMjIlM0ElNUIlN0IlMjJwb3NpdGlvbiUyMiUzQSU3QiUyMmxhdCUyMiUzQTM4Ljc2NDY2NDM2OTAwNDM3JTJDJTIybG5nJTIyJTNBLTkuMjUxODY0MjU0NDc0NjQlN0QlMkMlMjJ0aXRsZSUyMiUzQSUyMiUyMiUyQyUyMmRlc2NyaXB0aW9uJTIyJTNBJTIyJTIyJTJDJTIybGlua1VybCUyMiUzQSUyMiUyMiUyQyUyMmxpbmtDYXB0aW9uJTIyJTNBJTIyJTIyJTJDJTIyem9vbSUyMiUzQTE5JTdEJTVEJTdE\"><\/iframe>\n                <script>window.loadMapsContent && loadMapsContent();<\/script>\n              <\/div>\n            <\/div>\n            <div class=\"u-align-left u-black u-container-style u-group u-group-2\">\n              <div class=\"u-container-layout u-container-layout-2\">\n                <h2 class=\"u-text u-text-1\">Queluz<\/h2>\n                <p class=\"u-text u-text-2\">Estrada das \u00c1guas Livres, Lote 22<br>2745-016 Queluz \n                <\/p>\n              <\/div>\n            <\/div>\n          <\/div>\n        <\/div>\n      <\/div>\n    <\/section>\n    <section class=\"u-clearfix u-section-6\" id=\"carousel_a6bd\">\n      <div class=\"u-clearfix u-sheet u-valign-middle u-sheet-1\">\n        <h1 class=\"u-custom-font u-font-montserrat u-text u-text-default u-text-1\">Contacts<\/h1>\n      <\/div>\n    <\/section>\n    <section class=\"u-align-center u-clearfix u-section-7\" id=\"sec-32ee\">\n      <div class=\"u-clearfix u-sheet u-valign-middle u-sheet-1\">\n        <h3 class=\"u-text u-text-default u-text-1\">info@mobilityservices.pt<\/h3>\n        <p class=\"u-text u-text-2\">\n          <span style=\"font-size: 1.25rem;\">215 995 198<\/span>\n          <br>\n          <span style=\"font-size: 0.625rem;\">Call to the national fixed network |&nbsp;<\/span>\n          <span style=\"font-size: 0.625rem;\">Weekdays, from 9:00 to 13:00 and from 14:00 to 18:00<\/span>\n        <\/p>\n      <\/div>\n    <\/section>\n    <section class=\"u-clearfix u-section-8\" id=\"sec-a79d\">\n      <div class=\"u-clearfix u-sheet u-sheet-1\"><\/div>\n    <\/section>","protected":false},"excerpt":{"rendered":"<p>Onde estamos Amadora Rua Diogo Bernardes, 41-E2700-237 Amadora Queluz Estrada das \u00c1guas Livres, Lote 222745-016 Queluz Contactos info@mobilityservices.pt 215 995 198 Chamada para a rede fixa nacional |&nbsp; Dias \u00fateis, das 9h \u00e0s 13h e das 14h \u00e0s 18h<\/p>","protected":false},"author":1,"featured_media":0,"parent":0,"menu_order":1,"comment_status":"closed","ping_status":"closed","template":"","meta":{"_glsr_average":0,"_glsr_ranking":0,"_glsr_reviews":0,"footnotes":""},"class_list":["post-10683","page","type-page","status-publish","hentry"],"_links":{"self":[{"href":"https:\/\/mobilityservices.pt\/en\/wp-json\/wp\/v2\/pages\/10683","targetHints":{"allow":["GET"]}}],"collection":[{"href":"https:\/\/mobilityservices.pt\/en\/wp-json\/wp\/v2\/pages"}],"about":[{"href":"https:\/\/mobilityservices.pt\/en\/wp-json\/wp\/v2\/types\/page"}],"author":[{"embeddable":true,"href":"https:\/\/mobilityservices.pt\/en\/wp-json\/wp\/v2\/users\/1"}],"replies":[{"embeddable":true,"href":"https:\/\/mobilityservices.pt\/en\/wp-json\/wp\/v2\/comments?post=10683"}],"version-history":[{"count":4,"href":"https:\/\/mobilityservices.pt\/en\/wp-json\/wp\/v2\/pages\/10683\/revisions"}],"predecessor-version":[{"id":11179,"href":"https:\/\/mobilityservices.pt\/en\/wp-json\/wp\/v2\/pages\/10683\/revisions\/11179"}],"wp:attachment":[{"href":"https:\/\/mobilityservices.pt\/en\/wp-json\/wp\/v2\/media?parent=10683"}],"curies":[{"name":"wp","href":"https:\/\/api.w.org\/{rel}","templated":true}]}}