{"id":10545,"date":"2023-05-14T08:49:00","date_gmt":"2023-05-14T08:49:00","guid":{"rendered":"https:\/\/mobilityservices.pt\/?page_id=10545"},"modified":"2024-11-10T06:41:29","modified_gmt":"2024-11-10T06:41:29","slug":"viaturas","status":"publish","type":"page","link":"https:\/\/mobilityservices.pt\/en\/viaturas\/","title":{"rendered":"Vehicles"},"content":{"rendered":"<p>We want to provide you with a safe journey, which is why, in addition to the professionals who take you to your destination, we have vehicles with advanced active and passive safety systems.<\/p>\n\n\n\n<p>We currently have the following vehicles in our fleet:<\/p>\n\n\n\n<p><strong>Hyundai Kauai Electric<\/strong><\/p>\n\n\n\n<p><strong>Opel Corsa-e<\/strong><\/p>\n\n\n\n<p><strong>Peugeot e208 GT <\/strong><\/p>\n\n\n\n<p><strong>Jaguar I-Pace<\/strong><\/p>\n\n\n\n<p><strong>Renault Zoe<\/strong><\/p>\n\n\n\n<p><strong>Tesla Model 3<\/strong><\/p>\n\n\n\n<p><\/p>\n\n\n\n<h4 class=\"wp-block-heading has-medium-font-size\">Cleaning<\/h4>\n\n\n\n<p>At the very least, and unless otherwise justified, our vehicles are subject to the following cleaning cycles:<\/p>\n\n\n\n<ul class=\"wp-block-list\">\n<li>Todos os dias, desinfec\u00e7\u00e3o por ozono e Limpeza interior<\/li>\n\n\n\n<li>A cada 2 dias, limpeza exterior<\/li>\n<\/ul>\n\n\n\n<p>Poder\u00e1 verificar mais em detalhe quais os percursos tur\u00edsticos e outras solu\u00e7\u00f5es de transporte que temos ao seu dispor, em <a href=\"http:\/\/www.whitetravel.pt\" data-type=\"link\" data-id=\"www.whitetravel.pt\">www.whitetravel.pt<\/a><\/p>\n\n\n\n<p><\/p>","protected":false},"excerpt":{"rendered":"<p>Queremos proporcionar-lhe uma viagem em seguran\u00e7a, e por isso al\u00e9m dos profissionais que o levam ao seu destino, dispomos de viaturas com sistemas avan\u00e7ados de seguran\u00e7a activa e passiva. Neste momento dispomos das seguintes viaturas na nossa frota: Hyundai Kauai Electric Opel Corsa-e Peugeot e208 GT Jaguar I-Pace Renault Zoe Tesla Model 3 Limpeza No &hellip; <a href=\"https:\/\/mobilityservices.pt\/en\/viaturas\/\" class=\"more-link\">Continue reading<span class=\"screen-reader-text\"> &#8220;Viaturas&#8221;<\/span><\/a><\/p>","protected":false},"author":1,"featured_media":0,"parent":0,"menu_order":0,"comment_status":"closed","ping_status":"closed","template":"","meta":{"_glsr_average":0,"_glsr_ranking":0,"_glsr_reviews":0,"footnotes":""},"class_list":["post-10545","page","type-page","status-publish","hentry"],"_links":{"self":[{"href":"https:\/\/mobilityservices.pt\/en\/wp-json\/wp\/v2\/pages\/10545","targetHints":{"allow":["GET"]}}],"collection":[{"href":"https:\/\/mobilityservices.pt\/en\/wp-json\/wp\/v2\/pages"}],"about":[{"href":"https:\/\/mobilityservices.pt\/en\/wp-json\/wp\/v2\/types\/page"}],"author":[{"embeddable":true,"href":"https:\/\/mobilityservices.pt\/en\/wp-json\/wp\/v2\/users\/1"}],"replies":[{"embeddable":true,"href":"https:\/\/mobilityservices.pt\/en\/wp-json\/wp\/v2\/comments?post=10545"}],"version-history":[{"count":44,"href":"https:\/\/mobilityservices.pt\/en\/wp-json\/wp\/v2\/pages\/10545\/revisions"}],"predecessor-version":[{"id":13419,"href":"https:\/\/mobilityservices.pt\/en\/wp-json\/wp\/v2\/pages\/10545\/revisions\/13419"}],"wp:attachment":[{"href":"https:\/\/mobilityservices.pt\/en\/wp-json\/wp\/v2\/media?parent=10545"}],"curies":[{"name":"wp","href":"https:\/\/api.w.org\/{rel}","templated":true}]}}