{"id":10379,"date":"2023-04-06T14:41:08","date_gmt":"2023-04-06T14:41:08","guid":{"rendered":"https:\/\/mobilityservices.pt\/?page_id=10379"},"modified":"2025-06-08T11:39:34","modified_gmt":"2025-06-08T11:39:34","slug":"reserva-de-estacionamento-clientes-pendao","status":"publish","type":"page","link":"https:\/\/mobilityservices.pt\/en\/reserva-de-estacionamento-clientes-pendao\/","title":{"rendered":"Reserva de Estacionamento &#8211; Clientes"},"content":{"rendered":"<p>Seja benvind@ \u00e0 \u00e1rea de reserva pontual no Estacionamento da Estrada das \u00c1guas Livres em Queluz.<br><strong>Note que, dever\u00e1 efectuar verifica\u00e7\u00e3o de disponibilidade antes de estacionar a sua viatura.<\/strong><\/p>\n\n\n\n<div style=\"height:21px\" aria-hidden=\"true\" class=\"wp-block-spacer\"><\/div>\n\n\n\n\n\n<p>Para prosseguir, dever\u00e1 carregar <a href=\"https:\/\/www.mobse.pt\/estacionamento-pontual\" data-type=\"link\" data-id=\"https:\/\/www.mobse.pt\/estacionamento-pontual\">here<\/a>.<\/p>\n\n\n\n<p><\/p>","protected":false},"excerpt":{"rendered":"<p>Seja benvind@ \u00e0 \u00e1rea de reserva pontual no Estacionamento da Estrada das \u00c1guas Livres em Queluz.Note que, dever\u00e1 efectuar verifica\u00e7\u00e3o de disponibilidade antes de estacionar a sua viatura. Para prosseguir, dever\u00e1 carregar aqui.<\/p>","protected":false},"author":1,"featured_media":0,"parent":0,"menu_order":0,"comment_status":"closed","ping_status":"closed","template":"","meta":{"_glsr_average":0,"_glsr_ranking":0,"_glsr_reviews":0,"footnotes":""},"class_list":["post-10379","page","type-page","status-publish","hentry"],"_links":{"self":[{"href":"https:\/\/mobilityservices.pt\/en\/wp-json\/wp\/v2\/pages\/10379","targetHints":{"allow":["GET"]}}],"collection":[{"href":"https:\/\/mobilityservices.pt\/en\/wp-json\/wp\/v2\/pages"}],"about":[{"href":"https:\/\/mobilityservices.pt\/en\/wp-json\/wp\/v2\/types\/page"}],"author":[{"embeddable":true,"href":"https:\/\/mobilityservices.pt\/en\/wp-json\/wp\/v2\/users\/1"}],"replies":[{"embeddable":true,"href":"https:\/\/mobilityservices.pt\/en\/wp-json\/wp\/v2\/comments?post=10379"}],"version-history":[{"count":8,"href":"https:\/\/mobilityservices.pt\/en\/wp-json\/wp\/v2\/pages\/10379\/revisions"}],"predecessor-version":[{"id":13538,"href":"https:\/\/mobilityservices.pt\/en\/wp-json\/wp\/v2\/pages\/10379\/revisions\/13538"}],"wp:attachment":[{"href":"https:\/\/mobilityservices.pt\/en\/wp-json\/wp\/v2\/media?parent=10379"}],"curies":[{"name":"wp","href":"https:\/\/api.w.org\/{rel}","templated":true}]}}